{"id":2245,"date":"2022-06-08T06:57:33","date_gmt":"2022-06-08T06:57:33","guid":{"rendered":"https:\/\/www.missionsvalencia.eu\/cpivalencia\/?page_id=2245"},"modified":"2022-07-12T11:41:37","modified_gmt":"2022-07-12T11:41:37","slug":"reto-2-modelo-energetico","status":"publish","type":"page","link":"https:\/\/www.missionsvalencia.eu\/cpivalencia\/reto-2-modelo-energetico\/","title":{"rendered":"Reto 2: Modelo Energ\u00e9tico"},"content":{"rendered":"<p>[et_pb_section fb_built=\u00bb1&#8243; _builder_version=\u00bb4.16&#8243; _module_preset=\u00bbdefault\u00bb custom_padding=\u00bb32px||19px||false|false\u00bb global_colors_info=\u00bb{}\u00bb][et_pb_row _builder_version=\u00bb4.16&#8243; _module_preset=\u00bbdefault\u00bb custom_padding=\u00bb||6px|||\u00bb global_colors_info=\u00bb{}\u00bb][et_pb_column type=\u00bb4_4&#8243; _builder_version=\u00bb4.16&#8243; _module_preset=\u00bbdefault\u00bb global_colors_info=\u00bb{}\u00bb][et_pb_text _builder_version=\u00bb4.16&#8243; _module_preset=\u00bbdefault\u00bb header_font_size=\u00bb38px\u00bb global_colors_info=\u00bb{}\u00bb]<\/p>\n<h1>Reto 2: Modelo energ\u00e9tico<\/h1>\n<p>[\/et_pb_text][\/et_pb_column][\/et_pb_row][\/et_pb_section][et_pb_section fb_built=\u00bb1&#8243; specialty=\u00bbon\u00bb _builder_version=\u00bb4.16&#8243; _module_preset=\u00bbdefault\u00bb custom_padding=\u00bb7px||7px||true|\u00bb global_colors_info=\u00bb{}\u00bb][et_pb_column type=\u00bb1_2&#8243; specialty_columns=\u00bb2&#8243; _builder_version=\u00bb4.16&#8243; custom_padding=\u00bb|||\u00bb global_colors_info=\u00bb{}\u00bb custom_padding__hover=\u00bb|||\u00bb][et_pb_row_inner _builder_version=\u00bb4.16&#8243; _module_preset=\u00bbdefault\u00bb global_colors_info=\u00bb{}\u00bb][et_pb_column_inner saved_specialty_column_type=\u00bb1_2&#8243; _builder_version=\u00bb4.5.7&#8243; _module_preset=\u00bbdefault\u00bb global_colors_info=\u00bb{}\u00bb][et_pb_text _builder_version=\u00bb4.16&#8243; _module_preset=\u00bbdefault\u00bb text_font=\u00bb|600|||||||\u00bb text_font_size=\u00bb21px\u00bb text_line_height=\u00bb1.3em\u00bb text_orientation=\u00bbjustified\u00bb text_font_size_tablet=\u00bb\u00bb text_font_size_phone=\u00bb\u00bb text_font_size_last_edited=\u00bbon|desktop\u00bb global_colors_info=\u00bb{}\u00bb]<\/p>\n<p><span>Transformaci\u00f3n del modelo energ\u00e9tico de la ciudad hacia un escenario de producci\u00f3n y consumo de energ\u00eda de origen renovable.<\/span><\/p>\n<p>[\/et_pb_text][\/et_pb_column_inner][\/et_pb_row_inner][et_pb_row_inner _builder_version=\u00bb4.17.4&#8243; _module_preset=\u00bbdefault\u00bb custom_padding=\u00bb0px||18px|||\u00bb global_colors_info=\u00bb{}\u00bb][et_pb_column_inner saved_specialty_column_type=\u00bb1_2&#8243; _builder_version=\u00bb4.17.4&#8243; _module_preset=\u00bbdefault\u00bb global_colors_info=\u00bb{}\u00bb][et_pb_button button_url=\u00bbhttps:\/\/www.missionsvalencia.eu\/cpivalencia\/wp-content\/uploads\/2022\/06\/CPM_VLC_RETO-2.pdf\u00bb url_new_window=\u00bbon\u00bb button_text=\u00bbPresentaci\u00f3n del reto\u00bb button_alignment=\u00bbcenter\u00bb _builder_version=\u00bb4.17.4&#8243; _module_preset=\u00bbdefault\u00bb custom_margin=\u00bb||4px|||\u00bb custom_padding=\u00bb16px|164px|16px|164px|true|true\u00bb custom_padding_tablet=\u00bb16px|164px|16px|164px|true|true\u00bb custom_padding_phone=\u00bb16px|164px|16px|164px|true|true\u00bb custom_padding_last_edited=\u00bbon|desktop\u00bb global_colors_info=\u00bb{}\u00bb][\/et_pb_button][\/et_pb_column_inner][\/et_pb_row_inner][et_pb_row_inner column_structure=\u00bb1_2,1_2&#8243; _builder_version=\u00bb4.16&#8243; _module_preset=\u00bbdefault\u00bb custom_padding=\u00bb5px||24px|||\u00bb global_colors_info=\u00bb{}\u00bb][et_pb_column_inner type=\u00bb1_2&#8243; saved_specialty_column_type=\u00bb1_2&#8243; _builder_version=\u00bb4.5.7&#8243; _module_preset=\u00bbdefault\u00bb global_colors_info=\u00bb{}\u00bb][et_pb_button button_url=\u00bbhttps:\/\/www.missionsvalencia.eu\/cpivalencia\/wp-content\/uploads\/2022\/05\/ANEXO-I.-RETOS-CPM-02-MOD.-ENERG.-.pdf\u00bb url_new_window=\u00bbon\u00bb button_text=\u00bbDescripci\u00f3n del reto\u00bb button_alignment=\u00bbcenter\u00bb button_alignment_tablet=\u00bb\u00bb button_alignment_phone=\u00bb\u00bb button_alignment_last_edited=\u00bbon|desktop\u00bb _builder_version=\u00bb4.16&#8243; _module_preset=\u00bbdefault\u00bb custom_padding=\u00bb|60px||60px|false|true\u00bb custom_padding_tablet=\u00bb\u00bb custom_padding_phone=\u00bb\u00bb custom_padding_last_edited=\u00bbon|desktop\u00bb global_colors_info=\u00bb{}\u00bb][\/et_pb_button][\/et_pb_column_inner][et_pb_column_inner type=\u00bb1_2&#8243; saved_specialty_column_type=\u00bb1_2&#8243; _builder_version=\u00bb4.5.7&#8243; _module_preset=\u00bbdefault\u00bb global_colors_info=\u00bb{}\u00bb][et_pb_button button_url=\u00bbhttps:\/\/www.missionsvalencia.eu\/cpivalencia\/wp-content\/uploads\/2022\/06\/RETO-2-BASES-DE-LA-CONVOCATORIA-DE-CPM-MOD.ENERG_.pdf\u00bb url_new_window=\u00bbon\u00bb button_text=\u00bbBases de la convocatoria\u00bb button_alignment=\u00bbcenter\u00bb button_text_tablet=\u00bb\u00bb button_text_phone=\u00bb\u00bb button_text_last_edited=\u00bbon|desktop\u00bb button_alignment_tablet=\u00bb\u00bb button_alignment_phone=\u00bb\u00bb button_alignment_last_edited=\u00bbon|desktop\u00bb _builder_version=\u00bb4.17.4&#8243; _module_preset=\u00bbdefault\u00bb custom_margin=\u00bb|||-25px||\u00bb custom_padding=\u00bb|17px||17px|false|true\u00bb custom_padding_tablet=\u00bb\u00bb custom_padding_phone=\u00bb\u00bb custom_padding_last_edited=\u00bbon|desktop\u00bb global_colors_info=\u00bb{}\u00bb][\/et_pb_button][\/et_pb_column_inner][\/et_pb_row_inner][et_pb_row_inner _builder_version=\u00bb4.17.4&#8243; _module_preset=\u00bbdefault\u00bb custom_padding=\u00bb5px|||||\u00bb global_colors_info=\u00bb{}\u00bb][et_pb_column_inner saved_specialty_column_type=\u00bb1_2&#8243; _builder_version=\u00bb4.17.4&#8243; _module_preset=\u00bbdefault\u00bb global_colors_info=\u00bb{}\u00bb][et_pb_button button_url=\u00bbhttps:\/\/www.missionsvalencia.eu\/cpivalencia\/consulta-preliminar-del-mercado-de-ideas-de-soluciones-innovadoras\/?reto=Reto%202%20MODELO%20ENERGETICO\u00bb url_new_window=\u00bbon\u00bb button_text=\u00bbProp\u00f3n una idea de soluci\u00f3n\u00bb button_alignment=\u00bbcenter\u00bb button_alignment_tablet=\u00bb\u00bb button_alignment_phone=\u00bb\u00bb button_alignment_last_edited=\u00bbon|desktop\u00bb module_class=\u00bbboton_formulario_cpi\u00bb _builder_version=\u00bb4.17.4&#8243; _module_preset=\u00bbdefault\u00bb custom_padding=\u00bb19px|131px|19px|131px|true|true\u00bb custom_padding_tablet=\u00bb\u00bb custom_padding_phone=\u00bb\u00bb custom_padding_last_edited=\u00bbon|desktop\u00bb global_colors_info=\u00bb{}\u00bb][\/et_pb_button][\/et_pb_column_inner][\/et_pb_row_inner][\/et_pb_column][et_pb_column type=\u00bb1_2&#8243; _builder_version=\u00bb4.16&#8243; custom_padding=\u00bb|||\u00bb global_colors_info=\u00bb{}\u00bb custom_padding__hover=\u00bb|||\u00bb][et_pb_video src=\u00bbhttps:\/\/www.youtube.com\/watch?v=Ai8jwr-Ct-E\u00bb _builder_version=\u00bb4.17.4&#8243; _module_preset=\u00bbdefault\u00bb hover_enabled=\u00bb0&#8243; sticky_enabled=\u00bb0&#8243;][\/et_pb_video][\/et_pb_column][\/et_pb_section][et_pb_section fb_built=\u00bb1&#8243; _builder_version=\u00bb4.16&#8243; _module_preset=\u00bbdefault\u00bb custom_padding=\u00bb7px||76px|||\u00bb global_colors_info=\u00bb{}\u00bb][et_pb_row _builder_version=\u00bb4.16&#8243; _module_preset=\u00bbdefault\u00bb custom_padding=\u00bb15px|||||\u00bb global_colors_info=\u00bb{}\u00bb][et_pb_column type=\u00bb4_4&#8243; _builder_version=\u00bb4.16&#8243; _module_preset=\u00bbdefault\u00bb global_colors_info=\u00bb{}\u00bb][et_pb_text _builder_version=\u00bb4.16&#8243; _module_preset=\u00bbdefault\u00bb custom_margin=\u00bb||31px|||\u00bb global_colors_info=\u00bb{}\u00bb]<\/p>\n<h2>Objetivos espec\u00edficos<\/h2>\n<p>[\/et_pb_text][et_pb_text _builder_version=\u00bb4.16&#8243; _module_preset=\u00bbdefault\u00bb ul_line_height=\u00bb1.7em\u00bb text_orientation=\u00bbjustified\u00bb global_colors_info=\u00bb{}\u00bb]<\/p>\n<ul>\n<li>Impulsar el despliegue de sistemas de generaci\u00f3n renovables p\u00fablicos y privados, tanto en generaci\u00f3n t\u00e9rmica como el\u00e9ctrica.<\/li>\n<li>Desplegar sistemas de agregaci\u00f3n de la generaci\u00f3n, y agregaci\u00f3n del consumo, ligados a sistemas de generaci\u00f3n renovable, a fin de evitar el vertido a red de la energ\u00eda generada y reducir el coste para las personas usuarias.<\/li>\n<li>Implementar nuevos modelos de negocio ligados a la flexibilidad del sistema, optimizando el funcionamiento de la red de distribuci\u00f3n a trav\u00e9s de la agregaci\u00f3n y gesti\u00f3n de demanda, el aprovechamiento de almacenamiento (bater\u00edas y veh\u00edculos el\u00e9ctricos) y la producci\u00f3n descentralizada.<\/li>\n<li>Descarbonizar los sistemas de generaci\u00f3n de calor de los edificios p\u00fablicos y privados, a trav\u00e9s de comunidades t\u00e9rmicas de energ\u00eda (incluso en colaboraci\u00f3n p\u00fablico-privada) o de sistemas de climatizaci\u00f3n centralizados, en una \u00f3ptima integraci\u00f3n con la generaci\u00f3n renovable.<\/li>\n<li>Desplegar sistemas de generaci\u00f3n fotovoltaica con integraci\u00f3n arquitect\u00f3nica en edificios y espacios urbanos, y sistemas de generaci\u00f3n fotovoltaica integrados en los edificios con doble efecto aislante y generador.<\/li>\n<li>Desplegar sistemas gesti\u00f3n de redes de energ\u00eda compartida (electricidad y calor) a nivel de comunidad de vecinos, manzanas o distritos, incentivando su adopci\u00f3n, la participaci\u00f3n de las personas usuarias, e incluyendo fijaci\u00f3n de precios y trazabilidad.<\/li>\n<li>Explorar el uso del hidr\u00f3geno verde como vector energ\u00e9tico en modelos de generaci\u00f3n de electricidad y calor optimizados en comunidades energ\u00e9ticas e infraestructuras p\u00fablicas con grandes consumos de calor (colegios, infraestructuras deportivas).<\/li>\n<li>Desplegar e impulsar la adopci\u00f3n de sistemas de acumulaci\u00f3n asociados a la generaci\u00f3n renovable, incluso contemplando la movilidad el\u00e9ctrica como elemento de acumulaci\u00f3n distribuida y la tecnolog\u00eda V2X como m\u00e9todo de aprovechamiento de esa acumulaci\u00f3n distribuida<\/li>\n<li>Explorar el potencial de los sistemas de generaci\u00f3n y comercio de \u201ctokens\u201d digitales de energ\u00eda verde.<\/li>\n<li>Realizar un seguimiento de los indicadores asociados a la transici\u00f3n del modelo energ\u00e9tico, el impacto de las medidas y la planificaci\u00f3n y uso de los recursos energ\u00e9ticos locales disponibles (solar, biomasa, geotermia, viento, etc..).<\/li>\n<li>Contribuir a la implantaci\u00f3n y gesti\u00f3n eficiente de una eventual integraci\u00f3n en las ordenanzas de los objetivos de descarbonizaci\u00f3n de los sistemas energ\u00e9ticos en vivienda p\u00fablica y privada y, en su caso, de la fiscalidad municipal asociada para incentivar su aplicaci\u00f3n.<\/li>\n<li>Mitigar la pobreza energ\u00e9tica de la ciudad y defender el derecho a disponer de energ\u00eda suficiente para vivir una vida digna, a trav\u00e9s de, por ejemplo, modelos de producci\u00f3n renovable colaborativa que contemplen la participaci\u00f3n de personas en vulnerabilidad (comunidades energ\u00e9ticas sociales).<\/li>\n<li>En general, contribuir de forma significativa al objetivo de transformar el modelo de suministro de energ\u00eda de la ciudad hacia un escenario de cero emisiones en un contexto de transici\u00f3n justa e inclusiva impulsado por la misi\u00f3n clim\u00e1tica Val\u00e8ncia 2030.<\/li>\n<\/ul>\n<p>[\/et_pb_text][\/et_pb_column][\/et_pb_row][\/et_pb_section]<\/p>\n","protected":false},"excerpt":{"rendered":"<p>Reto 2: Modelo energ\u00e9ticoTransformaci\u00f3n del modelo energ\u00e9tico de la ciudad hacia un escenario de producci\u00f3n y consumo de energ\u00eda de origen renovable.Objetivos espec\u00edficos Impulsar el despliegue de sistemas de generaci\u00f3n renovables p\u00fablicos y privados, tanto en generaci\u00f3n t\u00e9rmica como el\u00e9ctrica. Desplegar sistemas de agregaci\u00f3n de la generaci\u00f3n, y agregaci\u00f3n del consumo, ligados a sistemas de [&hellip;]<\/p>\n","protected":false},"author":1,"featured_media":0,"parent":0,"menu_order":0,"comment_status":"closed","ping_status":"closed","template":"","meta":{"_et_pb_use_builder":"on","_et_pb_old_content":"","_et_gb_content_width":"","inline_featured_image":false},"yoast_head":"<!-- This site is optimized with the Yoast SEO plugin v19.3 - https:\/\/yoast.com\/wordpress\/plugins\/seo\/ -->\n<title>Reto 2: Modelo Energ\u00e9tico - CPI Val&egrave;ncia<\/title>\n<meta name=\"robots\" content=\"index, follow, max-snippet:-1, max-image-preview:large, max-video-preview:-1\" \/>\n<link rel=\"canonical\" href=\"https:\/\/www.missionsvalencia.eu\/cpivalencia\/reto-2-modelo-energetico\/\" \/>\n<meta property=\"og:locale\" content=\"es_ES\" \/>\n<meta property=\"og:type\" content=\"article\" \/>\n<meta property=\"og:title\" content=\"Reto 2: Modelo Energ\u00e9tico - CPI Val&egrave;ncia\" \/>\n<meta property=\"og:description\" content=\"Reto 2: Modelo energ\u00e9ticoTransformaci\u00f3n del modelo energ\u00e9tico de la ciudad hacia un escenario de producci\u00f3n y consumo de energ\u00eda de origen renovable.Objetivos espec\u00edficos Impulsar el despliegue de sistemas de generaci\u00f3n renovables p\u00fablicos y privados, tanto en generaci\u00f3n t\u00e9rmica como el\u00e9ctrica. Desplegar sistemas de agregaci\u00f3n de la generaci\u00f3n, y agregaci\u00f3n del consumo, ligados a sistemas de [&hellip;]\" \/>\n<meta property=\"og:url\" content=\"https:\/\/www.missionsvalencia.eu\/cpivalencia\/reto-2-modelo-energetico\/\" \/>\n<meta property=\"og:site_name\" content=\"CPI Val&egrave;ncia\" \/>\n<meta property=\"article:publisher\" content=\"https:\/\/www.facebook.com\/LasNavesINN\" \/>\n<meta property=\"article:modified_time\" content=\"2022-07-12T11:41:37+00:00\" \/>\n<meta property=\"og:image\" content=\"https:\/\/www.missionsvalencia.eu\/cpivalencia\/wp-content\/uploads\/2021\/08\/CPI_vlc_logo_color.png\" \/>\n\t<meta property=\"og:image:width\" content=\"842\" \/>\n\t<meta property=\"og:image:height\" content=\"596\" \/>\n\t<meta property=\"og:image:type\" content=\"image\/png\" \/>\n<meta name=\"twitter:card\" content=\"summary_large_image\" \/>\n<meta name=\"twitter:site\" content=\"@lasnavesINN\" \/>\n<script type=\"application\/ld+json\" class=\"yoast-schema-graph\">{\"@context\":\"https:\/\/schema.org\",\"@graph\":[{\"@type\":\"Organization\",\"@id\":\"https:\/\/www.missionsvalencia.eu\/cpivalencia\/#organization\",\"name\":\"COMPRA P\u00daBLICA DE INNOVACI\u00d3N - CPI Val\u00e8ncia\",\"url\":\"https:\/\/www.missionsvalencia.eu\/cpivalencia\/\",\"sameAs\":[\"https:\/\/www.instagram.com\/LASNAVES\/\",\"https:\/\/www.facebook.com\/LasNavesINN\",\"https:\/\/twitter.com\/lasnavesINN\"],\"logo\":{\"@type\":\"ImageObject\",\"inLanguage\":\"es\",\"@id\":\"https:\/\/www.missionsvalencia.eu\/cpivalencia\/#\/schema\/logo\/image\/\",\"url\":\"https:\/\/www.missionsvalencia.eu\/cpivalencia\/wp-content\/uploads\/2021\/07\/CPI_vlc_logo_color.png\",\"contentUrl\":\"https:\/\/www.missionsvalencia.eu\/cpivalencia\/wp-content\/uploads\/2021\/07\/CPI_vlc_logo_color.png\",\"width\":842,\"height\":596,\"caption\":\"COMPRA P\u00daBLICA DE INNOVACI\u00d3N - CPI Val\u00e8ncia\"},\"image\":{\"@id\":\"https:\/\/www.missionsvalencia.eu\/cpivalencia\/#\/schema\/logo\/image\/\"}},{\"@type\":\"WebSite\",\"@id\":\"https:\/\/www.missionsvalencia.eu\/cpivalencia\/#website\",\"url\":\"https:\/\/www.missionsvalencia.eu\/cpivalencia\/\",\"name\":\"CPI Val&egrave;ncia\",\"description\":\"Compra P&uacute;blica de Innovaci&oacute;n dirigida a Val&egrave;ncia, una herramienta de innovaci&oacute;n.\",\"publisher\":{\"@id\":\"https:\/\/www.missionsvalencia.eu\/cpivalencia\/#organization\"},\"potentialAction\":[{\"@type\":\"SearchAction\",\"target\":{\"@type\":\"EntryPoint\",\"urlTemplate\":\"https:\/\/www.missionsvalencia.eu\/cpivalencia\/?s={search_term_string}\"},\"query-input\":\"required name=search_term_string\"}],\"inLanguage\":\"es\"},{\"@type\":\"WebPage\",\"@id\":\"https:\/\/www.missionsvalencia.eu\/cpivalencia\/reto-2-modelo-energetico\/\",\"url\":\"https:\/\/www.missionsvalencia.eu\/cpivalencia\/reto-2-modelo-energetico\/\",\"name\":\"Reto 2: Modelo Energ\u00e9tico - CPI Val&egrave;ncia\",\"isPartOf\":{\"@id\":\"https:\/\/www.missionsvalencia.eu\/cpivalencia\/#website\"},\"datePublished\":\"2022-06-08T06:57:33+00:00\",\"dateModified\":\"2022-07-12T11:41:37+00:00\",\"breadcrumb\":{\"@id\":\"https:\/\/www.missionsvalencia.eu\/cpivalencia\/reto-2-modelo-energetico\/#breadcrumb\"},\"inLanguage\":\"es\",\"potentialAction\":[{\"@type\":\"ReadAction\",\"target\":[\"https:\/\/www.missionsvalencia.eu\/cpivalencia\/reto-2-modelo-energetico\/\"]}]},{\"@type\":\"BreadcrumbList\",\"@id\":\"https:\/\/www.missionsvalencia.eu\/cpivalencia\/reto-2-modelo-energetico\/#breadcrumb\",\"itemListElement\":[{\"@type\":\"ListItem\",\"position\":1,\"name\":\"Portada\",\"item\":\"https:\/\/www.missionsvalencia.eu\/cpivalencia\/\"},{\"@type\":\"ListItem\",\"position\":2,\"name\":\"Reto 2: Modelo Energ\u00e9tico\"}]}]}<\/script>\n<!-- \/ Yoast SEO plugin. -->","yoast_head_json":{"title":"Reto 2: Modelo Energ\u00e9tico - CPI Val&egrave;ncia","robots":{"index":"index","follow":"follow","max-snippet":"max-snippet:-1","max-image-preview":"max-image-preview:large","max-video-preview":"max-video-preview:-1"},"canonical":"https:\/\/www.missionsvalencia.eu\/cpivalencia\/reto-2-modelo-energetico\/","og_locale":"es_ES","og_type":"article","og_title":"Reto 2: Modelo Energ\u00e9tico - CPI Val&egrave;ncia","og_description":"Reto 2: Modelo energ\u00e9ticoTransformaci\u00f3n del modelo energ\u00e9tico de la ciudad hacia un escenario de producci\u00f3n y consumo de energ\u00eda de origen renovable.Objetivos espec\u00edficos Impulsar el despliegue de sistemas de generaci\u00f3n renovables p\u00fablicos y privados, tanto en generaci\u00f3n t\u00e9rmica como el\u00e9ctrica. Desplegar sistemas de agregaci\u00f3n de la generaci\u00f3n, y agregaci\u00f3n del consumo, ligados a sistemas de [&hellip;]","og_url":"https:\/\/www.missionsvalencia.eu\/cpivalencia\/reto-2-modelo-energetico\/","og_site_name":"CPI Val&egrave;ncia","article_publisher":"https:\/\/www.facebook.com\/LasNavesINN","article_modified_time":"2022-07-12T11:41:37+00:00","og_image":[{"width":842,"height":596,"url":"https:\/\/www.missionsvalencia.eu\/cpivalencia\/wp-content\/uploads\/2021\/08\/CPI_vlc_logo_color.png","type":"image\/png"}],"twitter_card":"summary_large_image","twitter_site":"@lasnavesINN","schema":{"@context":"https:\/\/schema.org","@graph":[{"@type":"Organization","@id":"https:\/\/www.missionsvalencia.eu\/cpivalencia\/#organization","name":"COMPRA P\u00daBLICA DE INNOVACI\u00d3N - CPI Val\u00e8ncia","url":"https:\/\/www.missionsvalencia.eu\/cpivalencia\/","sameAs":["https:\/\/www.instagram.com\/LASNAVES\/","https:\/\/www.facebook.com\/LasNavesINN","https:\/\/twitter.com\/lasnavesINN"],"logo":{"@type":"ImageObject","inLanguage":"es","@id":"https:\/\/www.missionsvalencia.eu\/cpivalencia\/#\/schema\/logo\/image\/","url":"https:\/\/www.missionsvalencia.eu\/cpivalencia\/wp-content\/uploads\/2021\/07\/CPI_vlc_logo_color.png","contentUrl":"https:\/\/www.missionsvalencia.eu\/cpivalencia\/wp-content\/uploads\/2021\/07\/CPI_vlc_logo_color.png","width":842,"height":596,"caption":"COMPRA P\u00daBLICA DE INNOVACI\u00d3N - CPI Val\u00e8ncia"},"image":{"@id":"https:\/\/www.missionsvalencia.eu\/cpivalencia\/#\/schema\/logo\/image\/"}},{"@type":"WebSite","@id":"https:\/\/www.missionsvalencia.eu\/cpivalencia\/#website","url":"https:\/\/www.missionsvalencia.eu\/cpivalencia\/","name":"CPI Val&egrave;ncia","description":"Compra P&uacute;blica de Innovaci&oacute;n dirigida a Val&egrave;ncia, una herramienta de innovaci&oacute;n.","publisher":{"@id":"https:\/\/www.missionsvalencia.eu\/cpivalencia\/#organization"},"potentialAction":[{"@type":"SearchAction","target":{"@type":"EntryPoint","urlTemplate":"https:\/\/www.missionsvalencia.eu\/cpivalencia\/?s={search_term_string}"},"query-input":"required name=search_term_string"}],"inLanguage":"es"},{"@type":"WebPage","@id":"https:\/\/www.missionsvalencia.eu\/cpivalencia\/reto-2-modelo-energetico\/","url":"https:\/\/www.missionsvalencia.eu\/cpivalencia\/reto-2-modelo-energetico\/","name":"Reto 2: Modelo Energ\u00e9tico - CPI Val&egrave;ncia","isPartOf":{"@id":"https:\/\/www.missionsvalencia.eu\/cpivalencia\/#website"},"datePublished":"2022-06-08T06:57:33+00:00","dateModified":"2022-07-12T11:41:37+00:00","breadcrumb":{"@id":"https:\/\/www.missionsvalencia.eu\/cpivalencia\/reto-2-modelo-energetico\/#breadcrumb"},"inLanguage":"es","potentialAction":[{"@type":"ReadAction","target":["https:\/\/www.missionsvalencia.eu\/cpivalencia\/reto-2-modelo-energetico\/"]}]},{"@type":"BreadcrumbList","@id":"https:\/\/www.missionsvalencia.eu\/cpivalencia\/reto-2-modelo-energetico\/#breadcrumb","itemListElement":[{"@type":"ListItem","position":1,"name":"Portada","item":"https:\/\/www.missionsvalencia.eu\/cpivalencia\/"},{"@type":"ListItem","position":2,"name":"Reto 2: Modelo Energ\u00e9tico"}]}]}},"_links":{"self":[{"href":"https:\/\/www.missionsvalencia.eu\/cpivalencia\/wp-json\/wp\/v2\/pages\/2245"}],"collection":[{"href":"https:\/\/www.missionsvalencia.eu\/cpivalencia\/wp-json\/wp\/v2\/pages"}],"about":[{"href":"https:\/\/www.missionsvalencia.eu\/cpivalencia\/wp-json\/wp\/v2\/types\/page"}],"author":[{"embeddable":true,"href":"https:\/\/www.missionsvalencia.eu\/cpivalencia\/wp-json\/wp\/v2\/users\/1"}],"replies":[{"embeddable":true,"href":"https:\/\/www.missionsvalencia.eu\/cpivalencia\/wp-json\/wp\/v2\/comments?post=2245"}],"version-history":[{"count":11,"href":"https:\/\/www.missionsvalencia.eu\/cpivalencia\/wp-json\/wp\/v2\/pages\/2245\/revisions"}],"predecessor-version":[{"id":2557,"href":"https:\/\/www.missionsvalencia.eu\/cpivalencia\/wp-json\/wp\/v2\/pages\/2245\/revisions\/2557"}],"wp:attachment":[{"href":"https:\/\/www.missionsvalencia.eu\/cpivalencia\/wp-json\/wp\/v2\/media?parent=2245"}],"curies":[{"name":"wp","href":"https:\/\/api.w.org\/{rel}","templated":true}]}}