{"id":1934,"date":"2021-10-01T09:29:22","date_gmt":"2021-10-01T09:29:22","guid":{"rendered":"https:\/\/www.missionsvalencia.eu\/cpivalencia\/?page_id=1934"},"modified":"2021-10-07T13:09:46","modified_gmt":"2021-10-07T13:09:46","slug":"stage-3-challenge-identification-early-demand-map","status":"publish","type":"page","link":"https:\/\/www.missionsvalencia.eu\/cpivalencia\/en\/stage-3-challenge-identification-early-demand-map\/","title":{"rendered":"STAGE 3: CHALLENGE IDENTIFICATION \u2013 EARLY DEMAND MAP"},"content":{"rendered":"<p>[et_pb_section fb_built=\u00bb1&#8243; admin_label=\u00bbsection\u00bb _builder_version=\u00bb3.22&#8243; custom_padding=\u00bb32px||32px||true|\u00bb][et_pb_row column_structure=\u00bb1_2,1_2&#8243; admin_label=\u00bbrow\u00bb _builder_version=\u00bb3.25&#8243; background_size=\u00bbinitial\u00bb background_position=\u00bbtop_left\u00bb background_repeat=\u00bbrepeat\u00bb custom_padding=\u00bb||31px|||\u00bb][et_pb_column type=\u00bb1_2&#8243; _builder_version=\u00bb3.25&#8243; custom_padding=\u00bb|||\u00bb custom_padding__hover=\u00bb|||\u00bb][et_pb_text _builder_version=\u00bb4.5.7&#8243; _module_preset=\u00bbdefault\u00bb custom_margin=\u00bb||34px|||\u00bb]<\/p>\n<h1>STAGE 3: CHALLENGE IDENTIFICATION &#8211; EARLY DEMAND MAP<\/h1>\n<p>[\/et_pb_text][et_pb_text admin_label=\u00bbText\u00bb _builder_version=\u00bb4.5.7&#8243; text_font=\u00bb|300|||||||\u00bb background_size=\u00bbinitial\u00bb background_position=\u00bbtop_left\u00bb background_repeat=\u00bbrepeat\u00bb hover_enabled=\u00bb0&#8243;]<\/p>\n<h4>Specific objectives of this work phase<\/h4>\n<p style=\"text-align: justify;\">Drawing up a LIST OF NEEDS that includes the main challenges faced by the city of Valencia, taking into account the different aspirational aspects of it, which are not (totally or partially) covered by the market, which cannot be supplied through \u00abconventional\u00bb contracting procedures and for which the PPI modality would provide a way of covering them.<\/p>\n<p style=\"text-align: justify;\"><strong>Results<\/strong><\/p>\n<p style=\"text-align: justify;\"><strong><\/strong><\/p>\n<ul>\n<li style=\"text-align: left;\">Workshops to identify challenges Val\u00e8ncia 2030 with the Valencian innovation ecosystem:\n<ul>\n<li><strong>Healthy Val\u00e8ncia:<\/strong><br \/> <strong> 03\/30\/2021 (<a href=\"https:\/\/drive.google.com\/file\/d\/1mPCSNXLEsNqYuDyfY3oZ6PDBMDQWF1i7\/view?usp=sharing\" target=\"_blank\" rel=\"noopener noreferrer\">VIDEO<\/a> \/ <a href=\"https:\/\/www.missionsvalencia.eu\/cpivalencia\/wp-content\/uploads\/2021\/07\/Memoria-Taller-Valencia-Saludable.pdf\" target=\"_blank\" rel=\"noopener noreferrer\">Report<\/a>)<\/strong><\/li>\n<li><strong>Sustainable Val\u00e8ncia \u2013 Fight against climate change:<\/strong><br \/> <strong>04\/20\/2021 (<a href=\"https:\/\/drive.google.com\/file\/d\/1wFD64lLiVg-rS4uiT1r1qV8AE0UsYMqf\/view?usp=sharing\" target=\"_blank\" rel=\"noopener noreferrer\">VIDEO<\/a> \/ <a href=\"https:\/\/www.missionsvalencia.eu\/cpivalencia\/wp-content\/uploads\/2021\/07\/Memoria-Taller-Valencia-Sostenible-cambio-climatico.pdf\" rel=\"attachment wp-att-1705 noopener noreferrer\" target=\"_blank\">Report<\/a>)<\/strong><\/li>\n<li><strong>Sustainable Val\u00e8ncia \u2013 Sustainable Mobility:<\/strong><br \/> <strong> 04\/22\/2021\u00a0 (<a href=\"https:\/\/drive.google.com\/file\/d\/1RbTWJFKJe7uSfUmFwrKlO7evGCMpdXJQ\/view?usp=sharing\" target=\"_blank\" rel=\"noopener noreferrer\">VIDEO<\/a> \/ <a href=\"https:\/\/www.missionsvalencia.eu\/cpivalencia\/wp-content\/uploads\/2021\/07\/Memoria-Taller-Valencia-Sostenible-movilidad-sostenible.pdf\" rel=\"attachment wp-att-1704 noopener noreferrer\" target=\"_blank\">Report<\/a>)<\/strong><\/li>\n<li><strong>Shared Val\u00e8ncia \u2013 Social Cohesion:<\/strong><br \/> <strong> 27\/04\/2021\u00a0 (<a href=\"https:\/\/drive.google.com\/file\/d\/1Qyg03mUr0kbi6I92iDc8JChzrqFQlUI-\/view?usp=sharing\" target=\"_blank\" rel=\"noopener noreferrer\">VIDEO<\/a> \/ <a href=\"https:\/\/www.missionsvalencia.eu\/cpivalencia\/wp-content\/uploads\/2021\/07\/Memoria-Taller-Valencia-Compartida-ambito-social.pdf\" rel=\"attachment wp-att-1703 noopener noreferrer\" target=\"_blank\">Report<\/a>)<\/strong><\/li>\n<li><strong>Shared Val\u00e8ncia \u2013 Sustainable Urbanism:<\/strong><br \/> <strong> 29\/04\/2021 (<a href=\"https:\/\/drive.google.com\/file\/d\/1Q6J59-wbp2ZUO9FAxZoZskgPWQpUEx8C\/view?usp=sharing\" target=\"_blank\" rel=\"noopener noreferrer\">VIDEO<\/a> \/ <a href=\"https:\/\/www.missionsvalencia.eu\/cpivalencia\/wp-content\/uploads\/2021\/07\/Memoria-Taller-Valencia-Compartida-ambito-urbano.pdf\" rel=\"attachment wp-att-1702 noopener noreferrer\" target=\"_blank\">Report<\/a>)<\/strong><\/li>\n<li><strong>Prosperous and Entrepreneurial Val\u00e8ncia:<\/strong><br \/> <strong> 04\/05\/2021\u00a0 (<a href=\"https:\/\/drive.google.com\/file\/d\/1yC7M4_4LtTK2EIt0QiDFJryT1JNAUL5P\/view?usp=sharing\" target=\"_blank\" rel=\"noopener noreferrer\">VIDEO<\/a> \/ <a href=\"https:\/\/www.missionsvalencia.eu\/cpivalencia\/wp-content\/uploads\/2021\/07\/Memoria-Taller-Valencia-Prospera-y-Compartida.pdf\" rel=\"attachment wp-att-1701 noopener noreferrer\" target=\"_blank\">Report<\/a>)<\/strong><\/li>\n<li><strong>Transformation of the Valencian Local Public Sector:\u00a0<\/strong><br \/> <strong> 13\/05\/2021 (<a href=\"https:\/\/drive.google.com\/file\/d\/1XL_lwpJFK_cEPo3eyWkUBbuzfIT0YyMH\/view?usp=sharing\" target=\"_blank\" rel=\"noopener noreferrer\">VIDEO<\/a> \/ <a href=\"https:\/\/www.missionsvalencia.eu\/cpivalencia\/wp-content\/uploads\/2021\/07\/Memoria-Taller-Retos-Internos.pdf\" rel=\"attachment wp-att-1700 noopener noreferrer\" target=\"_blank\">Report<\/a>)<\/strong><\/li>\n<\/ul>\n<\/li>\n<li style=\"text-align: left;\"><strong>Early Demand Map Val\u00e8ncia 2030<\/strong><br \/> <strong> (<a href=\"https:\/\/www.youtube.com\/watch?v=6Q5GmS1fE_E\" target=\"_blank\" rel=\"noopener noreferrer\">VIDEO<\/a> \/ <a href=\"https:\/\/www.missionsvalencia.eu\/cpivalencia\/wp-content\/uploads\/2021\/07\/Mapa-de-Demanda-Temprana-Valencia-1.pdf\" rel=\"attachment wp-att-1699 noopener noreferrer\" target=\"_blank\">Early Demand Map<\/a>)<\/strong><\/li>\n<\/ul>\n<p>[\/et_pb_text][\/et_pb_column][et_pb_column type=\u00bb1_2&#8243; _builder_version=\u00bb3.25&#8243; custom_padding=\u00bb|||\u00bb custom_padding__hover=\u00bb|||\u00bb][et_pb_image src=\u00bbhttps:\/\/www.missionsvalencia.eu\/cpivalencia\/wp-content\/uploads\/2021\/07\/alex-smith-xT2yqt0t-XA-unsplash-scaled.jpg\u00bb title_text=\u00bbalex-smith-xT2yqt0t-XA-unsplash\u00bb _builder_version=\u00bb4.5.7&#8243; _module_preset=\u00bbdefault\u00bb][\/et_pb_image][\/et_pb_column][\/et_pb_row][\/et_pb_section]<\/p>\n","protected":false},"excerpt":{"rendered":"<p>STAGE 3: CHALLENGE IDENTIFICATION &#8211; EARLY DEMAND MAPSpecific objectives of this work phase Drawing up a LIST OF NEEDS that includes the main challenges faced by the city of Valencia, taking into account the different aspirational aspects of it, which are not (totally or partially) covered by the market, which cannot be supplied through \u00abconventional\u00bb [&hellip;]<\/p>\n","protected":false},"author":1,"featured_media":0,"parent":0,"menu_order":0,"comment_status":"closed","ping_status":"closed","template":"","meta":{"_et_pb_use_builder":"on","_et_pb_old_content":"<!-- wp:heading {\"level\":4} -->\n<h4>Objetivos espec\u00edficos de esta fase de trabajo<\/h4>\n<!-- \/wp:heading -->\n\n<!-- wp:paragraph -->\n<p>Elaborar un LISTADO DE NECESIDADES que recoja los principales retos de la ciudad de Val\u00e8ncia atendiendo a las distintas miradas aspiracionales de la misma, que no se vean satisfechas (total o parcialmente) por el mercado, que su aprovisionamiento mediante los procedimientos de contrataci\u00f3n \u00abconvencionales\u00bb no acaba de \u201cfuncionar\u201d y en las que la modalidad de CPI proporcionar\u00eda una v\u00eda para satisfacerlas.<\/p>\n<!-- \/wp:paragraph -->\n\n<!-- wp:heading {\"level\":4} -->\n<h4>Resultados<\/h4>\n<!-- \/wp:heading -->\n\n<!-- wp:group -->\n<div class=\"wp-block-group\"><div class=\"wp-block-group__inner-container\"><!-- wp:list -->\n<ul><li>Talleres de identificaci\u00f3n de retos Val\u00e8ncia 2030 con el ecosistema de innovaci\u00f3n valenciano:<ul><li>\u00a0Val\u00e8ncia Saludable: 30\/03\/2021<\/li><li>\u00a0Val\u00e8ncia Sostenible \u2013 lucha contra el cambio clim\u00e1tico: \u00a0 20\/04\/2021 <\/li><li>\u00a0Val\u00e8ncia Sostenible \u2013 movilidad sostenible: \u00a0 22\/04\/2021 \u00a0<\/li><li>\u00a0Val\u00e8ncia Compartida \u2013 cohesi\u00f3n social: 27\/04\/2021 \u00a0<\/li><li>\u00a0Val\u00e8ncia Compartida \u2013 urbanismo sostenible: \u00a0 29\/04\/2021 <\/li><li>\u00a0Val\u00e8ncia Prospera y Empendedora: 04\/05\/2021 \u00a0 <\/li><li>\u00a0Transformaci\u00f3n del Sector P\u00fablico Local Valenciano: \u00a0 13\/05\/2021 <\/li><\/ul><\/li><li>Mapa de Demanda Temprana Val\u00e8ncia 2030<\/li><\/ul>\n<!-- \/wp:list -->\n\n<!-- wp:list -->\n<ul><li><\/li><\/ul>\n<!-- \/wp:list --><\/div><\/div>\n<!-- \/wp:group -->","_et_gb_content_width":"","inline_featured_image":false},"yoast_head":"<!-- This site is optimized with the Yoast SEO plugin v19.3 - https:\/\/yoast.com\/wordpress\/plugins\/seo\/ -->\n<title>STAGE 3: CHALLENGE IDENTIFICATION \u2013 EARLY DEMAND MAP - CPI Val&egrave;ncia<\/title>\n<meta name=\"robots\" content=\"index, follow, max-snippet:-1, max-image-preview:large, max-video-preview:-1\" \/>\n<link rel=\"canonical\" href=\"https:\/\/www.missionsvalencia.eu\/cpivalencia\/en\/stage-3-challenge-identification-early-demand-map\/\" \/>\n<meta property=\"og:locale\" content=\"es_ES\" \/>\n<meta property=\"og:type\" content=\"article\" \/>\n<meta property=\"og:title\" content=\"STAGE 3: CHALLENGE IDENTIFICATION \u2013 EARLY DEMAND MAP - CPI Val&egrave;ncia\" \/>\n<meta property=\"og:description\" content=\"STAGE 3: CHALLENGE IDENTIFICATION - EARLY DEMAND MAPSpecific objectives of this work phase Drawing up a LIST OF NEEDS that includes the main challenges faced by the city of Valencia, taking into account the different aspirational aspects of it, which are not (totally or partially) covered by the market, which cannot be supplied through &quot;conventional&quot; [&hellip;]\" \/>\n<meta property=\"og:url\" content=\"https:\/\/www.missionsvalencia.eu\/cpivalencia\/en\/stage-3-challenge-identification-early-demand-map\/\" \/>\n<meta property=\"og:site_name\" content=\"CPI Val&egrave;ncia\" \/>\n<meta property=\"article:publisher\" content=\"https:\/\/www.facebook.com\/LasNavesINN\" \/>\n<meta property=\"article:modified_time\" content=\"2021-10-07T13:09:46+00:00\" \/>\n<meta property=\"og:image\" content=\"https:\/\/www.missionsvalencia.eu\/cpivalencia\/wp-content\/uploads\/2021\/08\/CPI_vlc_logo_color.png\" \/>\n\t<meta property=\"og:image:width\" content=\"842\" \/>\n\t<meta property=\"og:image:height\" content=\"596\" \/>\n\t<meta property=\"og:image:type\" content=\"image\/png\" \/>\n<meta name=\"twitter:card\" content=\"summary_large_image\" \/>\n<meta name=\"twitter:site\" content=\"@lasnavesINN\" \/>\n<meta name=\"twitter:label1\" content=\"Tiempo de lectura\" \/>\n\t<meta name=\"twitter:data1\" content=\"1 minuto\" \/>\n<script type=\"application\/ld+json\" class=\"yoast-schema-graph\">{\"@context\":\"https:\/\/schema.org\",\"@graph\":[{\"@type\":\"Organization\",\"@id\":\"https:\/\/www.missionsvalencia.eu\/cpivalencia\/#organization\",\"name\":\"COMPRA P\u00daBLICA DE INNOVACI\u00d3N - CPI Val\u00e8ncia\",\"url\":\"https:\/\/www.missionsvalencia.eu\/cpivalencia\/\",\"sameAs\":[\"https:\/\/www.instagram.com\/LASNAVES\/\",\"https:\/\/www.facebook.com\/LasNavesINN\",\"https:\/\/twitter.com\/lasnavesINN\"],\"logo\":{\"@type\":\"ImageObject\",\"inLanguage\":\"es\",\"@id\":\"https:\/\/www.missionsvalencia.eu\/cpivalencia\/#\/schema\/logo\/image\/\",\"url\":\"https:\/\/www.missionsvalencia.eu\/cpivalencia\/wp-content\/uploads\/2021\/07\/CPI_vlc_logo_color.png\",\"contentUrl\":\"https:\/\/www.missionsvalencia.eu\/cpivalencia\/wp-content\/uploads\/2021\/07\/CPI_vlc_logo_color.png\",\"width\":842,\"height\":596,\"caption\":\"COMPRA P\u00daBLICA DE INNOVACI\u00d3N - CPI Val\u00e8ncia\"},\"image\":{\"@id\":\"https:\/\/www.missionsvalencia.eu\/cpivalencia\/#\/schema\/logo\/image\/\"}},{\"@type\":\"WebSite\",\"@id\":\"https:\/\/www.missionsvalencia.eu\/cpivalencia\/#website\",\"url\":\"https:\/\/www.missionsvalencia.eu\/cpivalencia\/\",\"name\":\"CPI Val&egrave;ncia\",\"description\":\"Compra P&uacute;blica de Innovaci&oacute;n dirigida a Val&egrave;ncia, una herramienta de innovaci&oacute;n.\",\"publisher\":{\"@id\":\"https:\/\/www.missionsvalencia.eu\/cpivalencia\/#organization\"},\"potentialAction\":[{\"@type\":\"SearchAction\",\"target\":{\"@type\":\"EntryPoint\",\"urlTemplate\":\"https:\/\/www.missionsvalencia.eu\/cpivalencia\/?s={search_term_string}\"},\"query-input\":\"required name=search_term_string\"}],\"inLanguage\":\"es\"},{\"@type\":\"WebPage\",\"@id\":\"https:\/\/www.missionsvalencia.eu\/cpivalencia\/en\/stage-3-challenge-identification-early-demand-map\/\",\"url\":\"https:\/\/www.missionsvalencia.eu\/cpivalencia\/en\/stage-3-challenge-identification-early-demand-map\/\",\"name\":\"STAGE 3: CHALLENGE IDENTIFICATION \u2013 EARLY DEMAND MAP - CPI Val&egrave;ncia\",\"isPartOf\":{\"@id\":\"https:\/\/www.missionsvalencia.eu\/cpivalencia\/#website\"},\"datePublished\":\"2021-10-01T09:29:22+00:00\",\"dateModified\":\"2021-10-07T13:09:46+00:00\",\"breadcrumb\":{\"@id\":\"https:\/\/www.missionsvalencia.eu\/cpivalencia\/en\/stage-3-challenge-identification-early-demand-map\/#breadcrumb\"},\"inLanguage\":\"es\",\"potentialAction\":[{\"@type\":\"ReadAction\",\"target\":[\"https:\/\/www.missionsvalencia.eu\/cpivalencia\/en\/stage-3-challenge-identification-early-demand-map\/\"]}]},{\"@type\":\"BreadcrumbList\",\"@id\":\"https:\/\/www.missionsvalencia.eu\/cpivalencia\/en\/stage-3-challenge-identification-early-demand-map\/#breadcrumb\",\"itemListElement\":[{\"@type\":\"ListItem\",\"position\":1,\"name\":\"Portada\",\"item\":\"https:\/\/www.missionsvalencia.eu\/cpivalencia\/\"},{\"@type\":\"ListItem\",\"position\":2,\"name\":\"STAGE 3: CHALLENGE IDENTIFICATION \u2013 EARLY DEMAND MAP\"}]}]}<\/script>\n<!-- \/ Yoast SEO plugin. -->","yoast_head_json":{"title":"STAGE 3: CHALLENGE IDENTIFICATION \u2013 EARLY DEMAND MAP - CPI Val&egrave;ncia","robots":{"index":"index","follow":"follow","max-snippet":"max-snippet:-1","max-image-preview":"max-image-preview:large","max-video-preview":"max-video-preview:-1"},"canonical":"https:\/\/www.missionsvalencia.eu\/cpivalencia\/en\/stage-3-challenge-identification-early-demand-map\/","og_locale":"es_ES","og_type":"article","og_title":"STAGE 3: CHALLENGE IDENTIFICATION \u2013 EARLY DEMAND MAP - CPI Val&egrave;ncia","og_description":"STAGE 3: CHALLENGE IDENTIFICATION - EARLY DEMAND MAPSpecific objectives of this work phase Drawing up a LIST OF NEEDS that includes the main challenges faced by the city of Valencia, taking into account the different aspirational aspects of it, which are not (totally or partially) covered by the market, which cannot be supplied through \"conventional\" [&hellip;]","og_url":"https:\/\/www.missionsvalencia.eu\/cpivalencia\/en\/stage-3-challenge-identification-early-demand-map\/","og_site_name":"CPI Val&egrave;ncia","article_publisher":"https:\/\/www.facebook.com\/LasNavesINN","article_modified_time":"2021-10-07T13:09:46+00:00","og_image":[{"width":842,"height":596,"url":"https:\/\/www.missionsvalencia.eu\/cpivalencia\/wp-content\/uploads\/2021\/08\/CPI_vlc_logo_color.png","type":"image\/png"}],"twitter_card":"summary_large_image","twitter_site":"@lasnavesINN","twitter_misc":{"Tiempo de lectura":"1 minuto"},"schema":{"@context":"https:\/\/schema.org","@graph":[{"@type":"Organization","@id":"https:\/\/www.missionsvalencia.eu\/cpivalencia\/#organization","name":"COMPRA P\u00daBLICA DE INNOVACI\u00d3N - CPI Val\u00e8ncia","url":"https:\/\/www.missionsvalencia.eu\/cpivalencia\/","sameAs":["https:\/\/www.instagram.com\/LASNAVES\/","https:\/\/www.facebook.com\/LasNavesINN","https:\/\/twitter.com\/lasnavesINN"],"logo":{"@type":"ImageObject","inLanguage":"es","@id":"https:\/\/www.missionsvalencia.eu\/cpivalencia\/#\/schema\/logo\/image\/","url":"https:\/\/www.missionsvalencia.eu\/cpivalencia\/wp-content\/uploads\/2021\/07\/CPI_vlc_logo_color.png","contentUrl":"https:\/\/www.missionsvalencia.eu\/cpivalencia\/wp-content\/uploads\/2021\/07\/CPI_vlc_logo_color.png","width":842,"height":596,"caption":"COMPRA P\u00daBLICA DE INNOVACI\u00d3N - CPI Val\u00e8ncia"},"image":{"@id":"https:\/\/www.missionsvalencia.eu\/cpivalencia\/#\/schema\/logo\/image\/"}},{"@type":"WebSite","@id":"https:\/\/www.missionsvalencia.eu\/cpivalencia\/#website","url":"https:\/\/www.missionsvalencia.eu\/cpivalencia\/","name":"CPI Val&egrave;ncia","description":"Compra P&uacute;blica de Innovaci&oacute;n dirigida a Val&egrave;ncia, una herramienta de innovaci&oacute;n.","publisher":{"@id":"https:\/\/www.missionsvalencia.eu\/cpivalencia\/#organization"},"potentialAction":[{"@type":"SearchAction","target":{"@type":"EntryPoint","urlTemplate":"https:\/\/www.missionsvalencia.eu\/cpivalencia\/?s={search_term_string}"},"query-input":"required name=search_term_string"}],"inLanguage":"es"},{"@type":"WebPage","@id":"https:\/\/www.missionsvalencia.eu\/cpivalencia\/en\/stage-3-challenge-identification-early-demand-map\/","url":"https:\/\/www.missionsvalencia.eu\/cpivalencia\/en\/stage-3-challenge-identification-early-demand-map\/","name":"STAGE 3: CHALLENGE IDENTIFICATION \u2013 EARLY DEMAND MAP - CPI Val&egrave;ncia","isPartOf":{"@id":"https:\/\/www.missionsvalencia.eu\/cpivalencia\/#website"},"datePublished":"2021-10-01T09:29:22+00:00","dateModified":"2021-10-07T13:09:46+00:00","breadcrumb":{"@id":"https:\/\/www.missionsvalencia.eu\/cpivalencia\/en\/stage-3-challenge-identification-early-demand-map\/#breadcrumb"},"inLanguage":"es","potentialAction":[{"@type":"ReadAction","target":["https:\/\/www.missionsvalencia.eu\/cpivalencia\/en\/stage-3-challenge-identification-early-demand-map\/"]}]},{"@type":"BreadcrumbList","@id":"https:\/\/www.missionsvalencia.eu\/cpivalencia\/en\/stage-3-challenge-identification-early-demand-map\/#breadcrumb","itemListElement":[{"@type":"ListItem","position":1,"name":"Portada","item":"https:\/\/www.missionsvalencia.eu\/cpivalencia\/"},{"@type":"ListItem","position":2,"name":"STAGE 3: CHALLENGE IDENTIFICATION \u2013 EARLY DEMAND MAP"}]}]}},"_links":{"self":[{"href":"https:\/\/www.missionsvalencia.eu\/cpivalencia\/wp-json\/wp\/v2\/pages\/1934"}],"collection":[{"href":"https:\/\/www.missionsvalencia.eu\/cpivalencia\/wp-json\/wp\/v2\/pages"}],"about":[{"href":"https:\/\/www.missionsvalencia.eu\/cpivalencia\/wp-json\/wp\/v2\/types\/page"}],"author":[{"embeddable":true,"href":"https:\/\/www.missionsvalencia.eu\/cpivalencia\/wp-json\/wp\/v2\/users\/1"}],"replies":[{"embeddable":true,"href":"https:\/\/www.missionsvalencia.eu\/cpivalencia\/wp-json\/wp\/v2\/comments?post=1934"}],"version-history":[{"count":5,"href":"https:\/\/www.missionsvalencia.eu\/cpivalencia\/wp-json\/wp\/v2\/pages\/1934\/revisions"}],"predecessor-version":[{"id":1955,"href":"https:\/\/www.missionsvalencia.eu\/cpivalencia\/wp-json\/wp\/v2\/pages\/1934\/revisions\/1955"}],"wp:attachment":[{"href":"https:\/\/www.missionsvalencia.eu\/cpivalencia\/wp-json\/wp\/v2\/media?parent=1934"}],"curies":[{"name":"wp","href":"https:\/\/api.w.org\/{rel}","templated":true}]}}