{"id":1928,"date":"2021-10-01T07:57:07","date_gmt":"2021-10-01T07:57:07","guid":{"rendered":"https:\/\/www.missionsvalencia.eu\/cpivalencia\/?page_id=1928"},"modified":"2021-10-07T13:07:07","modified_gmt":"2021-10-07T13:07:07","slug":"stage-2-awareness-raising-training-and-ppi-capacity-building","status":"publish","type":"page","link":"https:\/\/www.missionsvalencia.eu\/cpivalencia\/en\/stage-2-awareness-raising-training-and-ppi-capacity-building\/","title":{"rendered":"STAGE 2: AWARENESS RAISING, TRAINING AND PPI CAPACITY BUILDING"},"content":{"rendered":"<p>[et_pb_section fb_built=\u00bb1&#8243; admin_label=\u00bbsection\u00bb _builder_version=\u00bb3.22&#8243; custom_padding=\u00bb50px||50px||true|\u00bb][et_pb_row column_structure=\u00bb1_2,1_2&#8243; admin_label=\u00bbrow\u00bb _builder_version=\u00bb3.25&#8243; background_size=\u00bbinitial\u00bb background_position=\u00bbtop_left\u00bb background_repeat=\u00bbrepeat\u00bb custom_padding=\u00bb31px||31px||true|\u00bb][et_pb_column type=\u00bb1_2&#8243; _builder_version=\u00bb3.25&#8243; custom_padding=\u00bb|||\u00bb custom_padding__hover=\u00bb|||\u00bb][et_pb_text _builder_version=\u00bb4.5.7&#8243; _module_preset=\u00bbdefault\u00bb custom_margin=\u00bb||33px|||\u00bb]<\/p>\n<h1>STAGE 2: AWARENESS RAISING, TRAINING AND PPI CAPACITY BUILDING<\/h1>\n<p>[\/et_pb_text][et_pb_text admin_label=\u00bbText\u00bb _builder_version=\u00bb4.5.7&#8243; text_font=\u00bb|300|||||||\u00bb background_size=\u00bbinitial\u00bb background_position=\u00bbtop_left\u00bb background_repeat=\u00bbrepeat\u00bb hover_enabled=\u00bb0&#8243;]<\/p>\n<h4 style=\"text-align: justify;\">Specific objectives of this work phase<\/h4>\n<p style=\"text-align: justify;\">RAISE AWARENESS AND TRAIN all the stakeholders of the Val\u00e8ncia City Council and its local public sector, as well as the rest of the agents of the innovative ecosystem of Valencia around PPI so that they are able to understand what it is, when it is used and the potential of the procedures of Public Procurement of Innovation or Pre-commercial Public Procurement.\u00a0<\/p>\n<p style=\"text-align: justify;\"><b>Results<\/b><\/p>\n<p style=\"text-align: justify;\"><b><\/b><\/p>\n<ul>\n<li style=\"text-align: justify;\"><strong>Internal training workshops for Valencian Public Sector entities:<\/strong>\n<ul>\n<li><strong>\u00a0Training workshop 1: 03\/26\/2021 &#8211; <a href=\"https:\/\/drive.google.com\/file\/d\/1pNm8OYLre_uNzSEa4rXtlUNAjXNsm8uw\/view?usp=sharing\" target=\"_blank\" rel=\"noopener noreferrer\">VIDEO<\/a><\/strong><\/li>\n<li><strong>\u00a0Taller formativo 2: 06\/03\/2021 &#8211; <a href=\"https:\/\/drive.google.com\/file\/d\/1Mt8wW_HeonS8TDC4BkaebuhpUf2hUdE9\/view?usp=sharing\" target=\"_blank\" rel=\"noopener noreferrer\">VIDEO<\/a><\/strong><\/li>\n<\/ul>\n<\/li>\n<li><strong>External dynamisation conferences in PPI aimed at the Valencian innovation ecosystem:<\/strong>\n<ul>\n<li style=\"text-align: justify;\"><strong>\u00a0Workshop 1: 05\/04\/2021 &#8211; <a href=\"https:\/\/drive.google.com\/file\/d\/1O1oD0LqKvwbLUetufYdcHJayfxLofIae\/view?usp=sharing\" target=\"_blank\" rel=\"noopener noreferrer\">VIDEO<\/a><\/strong><\/li>\n<li style=\"text-align: justify;\"><strong>\u00a0Workshop 2: 05\/20\/2021 &#8211; <a href=\"https:\/\/drive.google.com\/file\/d\/1H0-UpmJIFKI-eAF9MvaGwOT5IZGw7ES1\/view?usp=sharing\" target=\"_blank\" rel=\"noopener noreferrer\">VIDEO<\/a><\/strong><\/li>\n<\/ul>\n<\/li>\n<li><strong><a href=\"https:\/\/www.missionsvalencia.eu\/cpivalencia\/wp-content\/uploads\/2021\/07\/Memoria-Sesiones-de-formacioon-Missions-Valencia-2030_v003.pdf\" rel=\"attachment wp-att-1689 noopener noreferrer\" target=\"_blank\">REPORT of the workshops and conferences<\/a><\/strong><\/li>\n<\/ul>\n<p>[\/et_pb_text][\/et_pb_column][et_pb_column type=\u00bb1_2&#8243; _builder_version=\u00bb3.25&#8243; custom_padding=\u00bb|||\u00bb custom_padding__hover=\u00bb|||\u00bb][et_pb_image src=\u00bbhttps:\/\/www.missionsvalencia.eu\/cpivalencia\/wp-content\/uploads\/2021\/07\/hannah-olinger-NXiIVnzBwZ8-unsplash-scaled.jpg\u00bb title_text=\u00bbhannah-olinger-NXiIVnzBwZ8-unsplash\u00bb _builder_version=\u00bb4.5.7&#8243; _module_preset=\u00bbdefault\u00bb][\/et_pb_image][\/et_pb_column][\/et_pb_row][\/et_pb_section]<\/p>\n","protected":false},"excerpt":{"rendered":"<p>STAGE 2: AWARENESS RAISING, TRAINING AND PPI CAPACITY BUILDINGSpecific objectives of this work phase RAISE AWARENESS AND TRAIN all the stakeholders of the Val\u00e8ncia City Council and its local public sector, as well as the rest of the agents of the innovative ecosystem of Valencia around PPI so that they are able to understand what [&hellip;]<\/p>\n","protected":false},"author":1,"featured_media":0,"parent":0,"menu_order":0,"comment_status":"closed","ping_status":"closed","template":"","meta":{"_et_pb_use_builder":"on","_et_pb_old_content":"<!-- wp:heading {\"level\":4} -->\n<h4>Objetivos espec\u00edficos de esta fase de trabajo<\/h4>\n<!-- \/wp:heading -->\n\n<!-- wp:paragraph -->\n<p>SENSIBILIZAR Y CAPACITAR a todas las partes involucradas del Ayuntamiento de Val\u00e9ncia y su sector p\u00fablico local, as\u00ed como al resto de agentes del ecosistema innovador de Val\u00e8ncia alrededor de la CPI para que sean capaces de comprender qu\u00e9 es, cu\u00e1ndo se usa y el potencial de los procedimientos de Compra P\u00fablica Innovadora o Compra P\u00fablica Pre Comercial. Ello permitir\u00e1 extender la CPI en el ecosistema innovador valenciano, generando un impacto tangible en la Comunitat Valenciana.<\/p>\n<!-- \/wp:paragraph -->\n\n<!-- wp:heading {\"level\":4} -->\n<h4>Resultados<\/h4>\n<!-- \/wp:heading -->\n\n<!-- wp:group -->\n<div class=\"wp-block-group\"><div class=\"wp-block-group__inner-container\"><!-- wp:list -->\n<ul><li>Talleres internos formativos destinados a las entidades del Sector P\u00fablico Valenciano: Equipo de Direcci\u00f3n Estrat\u00e9gica<ul><li>Taller formativo 1: 26\/03\/2021<\/li><li>Taller formativo 2: 03\/06\/2021<\/li><\/ul><\/li><\/ul>\n<!-- \/wp:list -->\n\n<!-- wp:list -->\n<ul><li>Jornadas de dinamizaci\u00f3n externas en CPI destinadas al ecosistema de innovaci\u00f3n valenciano:<ul><li>Jornada 1: 04\/05\/2021<\/li><li>Jornada 2: 20\/05\/2021<\/li><\/ul><\/li><\/ul>\n<!-- \/wp:list --><\/div><\/div>\n<!-- \/wp:group -->","_et_gb_content_width":"1174","inline_featured_image":false},"yoast_head":"<!-- This site is optimized with the Yoast SEO plugin v19.3 - https:\/\/yoast.com\/wordpress\/plugins\/seo\/ -->\n<title>STAGE 2: AWARENESS RAISING, TRAINING AND PPI CAPACITY BUILDING - CPI Val&egrave;ncia<\/title>\n<meta name=\"robots\" content=\"index, follow, max-snippet:-1, max-image-preview:large, max-video-preview:-1\" \/>\n<link rel=\"canonical\" href=\"https:\/\/www.missionsvalencia.eu\/cpivalencia\/en\/stage-2-awareness-raising-training-and-ppi-capacity-building\/\" \/>\n<meta property=\"og:locale\" content=\"es_ES\" \/>\n<meta property=\"og:type\" content=\"article\" \/>\n<meta property=\"og:title\" content=\"STAGE 2: AWARENESS RAISING, TRAINING AND PPI CAPACITY BUILDING - CPI Val&egrave;ncia\" \/>\n<meta property=\"og:description\" content=\"STAGE 2: AWARENESS RAISING, TRAINING AND PPI CAPACITY BUILDINGSpecific objectives of this work phase RAISE AWARENESS AND TRAIN all the stakeholders of the Val\u00e8ncia City Council and its local public sector, as well as the rest of the agents of the innovative ecosystem of Valencia around PPI so that they are able to understand what [&hellip;]\" \/>\n<meta property=\"og:url\" content=\"https:\/\/www.missionsvalencia.eu\/cpivalencia\/en\/stage-2-awareness-raising-training-and-ppi-capacity-building\/\" \/>\n<meta property=\"og:site_name\" content=\"CPI Val&egrave;ncia\" \/>\n<meta property=\"article:publisher\" content=\"https:\/\/www.facebook.com\/LasNavesINN\" \/>\n<meta property=\"article:modified_time\" content=\"2021-10-07T13:07:07+00:00\" \/>\n<meta property=\"og:image\" content=\"https:\/\/www.missionsvalencia.eu\/cpivalencia\/wp-content\/uploads\/2021\/08\/CPI_vlc_logo_color.png\" \/>\n\t<meta property=\"og:image:width\" content=\"842\" \/>\n\t<meta property=\"og:image:height\" content=\"596\" \/>\n\t<meta property=\"og:image:type\" content=\"image\/png\" \/>\n<meta name=\"twitter:card\" content=\"summary_large_image\" \/>\n<meta name=\"twitter:site\" content=\"@lasnavesINN\" \/>\n<meta name=\"twitter:label1\" content=\"Tiempo de lectura\" \/>\n\t<meta name=\"twitter:data1\" content=\"1 minuto\" \/>\n<script type=\"application\/ld+json\" class=\"yoast-schema-graph\">{\"@context\":\"https:\/\/schema.org\",\"@graph\":[{\"@type\":\"Organization\",\"@id\":\"https:\/\/www.missionsvalencia.eu\/cpivalencia\/#organization\",\"name\":\"COMPRA P\u00daBLICA DE INNOVACI\u00d3N - CPI Val\u00e8ncia\",\"url\":\"https:\/\/www.missionsvalencia.eu\/cpivalencia\/\",\"sameAs\":[\"https:\/\/www.instagram.com\/LASNAVES\/\",\"https:\/\/www.facebook.com\/LasNavesINN\",\"https:\/\/twitter.com\/lasnavesINN\"],\"logo\":{\"@type\":\"ImageObject\",\"inLanguage\":\"es\",\"@id\":\"https:\/\/www.missionsvalencia.eu\/cpivalencia\/#\/schema\/logo\/image\/\",\"url\":\"https:\/\/www.missionsvalencia.eu\/cpivalencia\/wp-content\/uploads\/2021\/07\/CPI_vlc_logo_color.png\",\"contentUrl\":\"https:\/\/www.missionsvalencia.eu\/cpivalencia\/wp-content\/uploads\/2021\/07\/CPI_vlc_logo_color.png\",\"width\":842,\"height\":596,\"caption\":\"COMPRA P\u00daBLICA DE INNOVACI\u00d3N - CPI Val\u00e8ncia\"},\"image\":{\"@id\":\"https:\/\/www.missionsvalencia.eu\/cpivalencia\/#\/schema\/logo\/image\/\"}},{\"@type\":\"WebSite\",\"@id\":\"https:\/\/www.missionsvalencia.eu\/cpivalencia\/#website\",\"url\":\"https:\/\/www.missionsvalencia.eu\/cpivalencia\/\",\"name\":\"CPI Val&egrave;ncia\",\"description\":\"Compra P&uacute;blica de Innovaci&oacute;n dirigida a Val&egrave;ncia, una herramienta de innovaci&oacute;n.\",\"publisher\":{\"@id\":\"https:\/\/www.missionsvalencia.eu\/cpivalencia\/#organization\"},\"potentialAction\":[{\"@type\":\"SearchAction\",\"target\":{\"@type\":\"EntryPoint\",\"urlTemplate\":\"https:\/\/www.missionsvalencia.eu\/cpivalencia\/?s={search_term_string}\"},\"query-input\":\"required name=search_term_string\"}],\"inLanguage\":\"es\"},{\"@type\":\"WebPage\",\"@id\":\"https:\/\/www.missionsvalencia.eu\/cpivalencia\/en\/stage-2-awareness-raising-training-and-ppi-capacity-building\/\",\"url\":\"https:\/\/www.missionsvalencia.eu\/cpivalencia\/en\/stage-2-awareness-raising-training-and-ppi-capacity-building\/\",\"name\":\"STAGE 2: AWARENESS RAISING, TRAINING AND PPI CAPACITY BUILDING - CPI Val&egrave;ncia\",\"isPartOf\":{\"@id\":\"https:\/\/www.missionsvalencia.eu\/cpivalencia\/#website\"},\"datePublished\":\"2021-10-01T07:57:07+00:00\",\"dateModified\":\"2021-10-07T13:07:07+00:00\",\"breadcrumb\":{\"@id\":\"https:\/\/www.missionsvalencia.eu\/cpivalencia\/en\/stage-2-awareness-raising-training-and-ppi-capacity-building\/#breadcrumb\"},\"inLanguage\":\"es\",\"potentialAction\":[{\"@type\":\"ReadAction\",\"target\":[\"https:\/\/www.missionsvalencia.eu\/cpivalencia\/en\/stage-2-awareness-raising-training-and-ppi-capacity-building\/\"]}]},{\"@type\":\"BreadcrumbList\",\"@id\":\"https:\/\/www.missionsvalencia.eu\/cpivalencia\/en\/stage-2-awareness-raising-training-and-ppi-capacity-building\/#breadcrumb\",\"itemListElement\":[{\"@type\":\"ListItem\",\"position\":1,\"name\":\"Portada\",\"item\":\"https:\/\/www.missionsvalencia.eu\/cpivalencia\/\"},{\"@type\":\"ListItem\",\"position\":2,\"name\":\"STAGE 2: AWARENESS RAISING, TRAINING AND PPI CAPACITY BUILDING\"}]}]}<\/script>\n<!-- \/ Yoast SEO plugin. -->","yoast_head_json":{"title":"STAGE 2: AWARENESS RAISING, TRAINING AND PPI CAPACITY BUILDING - CPI Val&egrave;ncia","robots":{"index":"index","follow":"follow","max-snippet":"max-snippet:-1","max-image-preview":"max-image-preview:large","max-video-preview":"max-video-preview:-1"},"canonical":"https:\/\/www.missionsvalencia.eu\/cpivalencia\/en\/stage-2-awareness-raising-training-and-ppi-capacity-building\/","og_locale":"es_ES","og_type":"article","og_title":"STAGE 2: AWARENESS RAISING, TRAINING AND PPI CAPACITY BUILDING - CPI Val&egrave;ncia","og_description":"STAGE 2: AWARENESS RAISING, TRAINING AND PPI CAPACITY BUILDINGSpecific objectives of this work phase RAISE AWARENESS AND TRAIN all the stakeholders of the Val\u00e8ncia City Council and its local public sector, as well as the rest of the agents of the innovative ecosystem of Valencia around PPI so that they are able to understand what [&hellip;]","og_url":"https:\/\/www.missionsvalencia.eu\/cpivalencia\/en\/stage-2-awareness-raising-training-and-ppi-capacity-building\/","og_site_name":"CPI Val&egrave;ncia","article_publisher":"https:\/\/www.facebook.com\/LasNavesINN","article_modified_time":"2021-10-07T13:07:07+00:00","og_image":[{"width":842,"height":596,"url":"https:\/\/www.missionsvalencia.eu\/cpivalencia\/wp-content\/uploads\/2021\/08\/CPI_vlc_logo_color.png","type":"image\/png"}],"twitter_card":"summary_large_image","twitter_site":"@lasnavesINN","twitter_misc":{"Tiempo de lectura":"1 minuto"},"schema":{"@context":"https:\/\/schema.org","@graph":[{"@type":"Organization","@id":"https:\/\/www.missionsvalencia.eu\/cpivalencia\/#organization","name":"COMPRA P\u00daBLICA DE INNOVACI\u00d3N - CPI Val\u00e8ncia","url":"https:\/\/www.missionsvalencia.eu\/cpivalencia\/","sameAs":["https:\/\/www.instagram.com\/LASNAVES\/","https:\/\/www.facebook.com\/LasNavesINN","https:\/\/twitter.com\/lasnavesINN"],"logo":{"@type":"ImageObject","inLanguage":"es","@id":"https:\/\/www.missionsvalencia.eu\/cpivalencia\/#\/schema\/logo\/image\/","url":"https:\/\/www.missionsvalencia.eu\/cpivalencia\/wp-content\/uploads\/2021\/07\/CPI_vlc_logo_color.png","contentUrl":"https:\/\/www.missionsvalencia.eu\/cpivalencia\/wp-content\/uploads\/2021\/07\/CPI_vlc_logo_color.png","width":842,"height":596,"caption":"COMPRA P\u00daBLICA DE INNOVACI\u00d3N - CPI Val\u00e8ncia"},"image":{"@id":"https:\/\/www.missionsvalencia.eu\/cpivalencia\/#\/schema\/logo\/image\/"}},{"@type":"WebSite","@id":"https:\/\/www.missionsvalencia.eu\/cpivalencia\/#website","url":"https:\/\/www.missionsvalencia.eu\/cpivalencia\/","name":"CPI Val&egrave;ncia","description":"Compra P&uacute;blica de Innovaci&oacute;n dirigida a Val&egrave;ncia, una herramienta de innovaci&oacute;n.","publisher":{"@id":"https:\/\/www.missionsvalencia.eu\/cpivalencia\/#organization"},"potentialAction":[{"@type":"SearchAction","target":{"@type":"EntryPoint","urlTemplate":"https:\/\/www.missionsvalencia.eu\/cpivalencia\/?s={search_term_string}"},"query-input":"required name=search_term_string"}],"inLanguage":"es"},{"@type":"WebPage","@id":"https:\/\/www.missionsvalencia.eu\/cpivalencia\/en\/stage-2-awareness-raising-training-and-ppi-capacity-building\/","url":"https:\/\/www.missionsvalencia.eu\/cpivalencia\/en\/stage-2-awareness-raising-training-and-ppi-capacity-building\/","name":"STAGE 2: AWARENESS RAISING, TRAINING AND PPI CAPACITY BUILDING - CPI Val&egrave;ncia","isPartOf":{"@id":"https:\/\/www.missionsvalencia.eu\/cpivalencia\/#website"},"datePublished":"2021-10-01T07:57:07+00:00","dateModified":"2021-10-07T13:07:07+00:00","breadcrumb":{"@id":"https:\/\/www.missionsvalencia.eu\/cpivalencia\/en\/stage-2-awareness-raising-training-and-ppi-capacity-building\/#breadcrumb"},"inLanguage":"es","potentialAction":[{"@type":"ReadAction","target":["https:\/\/www.missionsvalencia.eu\/cpivalencia\/en\/stage-2-awareness-raising-training-and-ppi-capacity-building\/"]}]},{"@type":"BreadcrumbList","@id":"https:\/\/www.missionsvalencia.eu\/cpivalencia\/en\/stage-2-awareness-raising-training-and-ppi-capacity-building\/#breadcrumb","itemListElement":[{"@type":"ListItem","position":1,"name":"Portada","item":"https:\/\/www.missionsvalencia.eu\/cpivalencia\/"},{"@type":"ListItem","position":2,"name":"STAGE 2: AWARENESS RAISING, TRAINING AND PPI CAPACITY BUILDING"}]}]}},"_links":{"self":[{"href":"https:\/\/www.missionsvalencia.eu\/cpivalencia\/wp-json\/wp\/v2\/pages\/1928"}],"collection":[{"href":"https:\/\/www.missionsvalencia.eu\/cpivalencia\/wp-json\/wp\/v2\/pages"}],"about":[{"href":"https:\/\/www.missionsvalencia.eu\/cpivalencia\/wp-json\/wp\/v2\/types\/page"}],"author":[{"embeddable":true,"href":"https:\/\/www.missionsvalencia.eu\/cpivalencia\/wp-json\/wp\/v2\/users\/1"}],"replies":[{"embeddable":true,"href":"https:\/\/www.missionsvalencia.eu\/cpivalencia\/wp-json\/wp\/v2\/comments?post=1928"}],"version-history":[{"count":4,"href":"https:\/\/www.missionsvalencia.eu\/cpivalencia\/wp-json\/wp\/v2\/pages\/1928\/revisions"}],"predecessor-version":[{"id":1954,"href":"https:\/\/www.missionsvalencia.eu\/cpivalencia\/wp-json\/wp\/v2\/pages\/1928\/revisions\/1954"}],"wp:attachment":[{"href":"https:\/\/www.missionsvalencia.eu\/cpivalencia\/wp-json\/wp\/v2\/media?parent=1928"}],"curies":[{"name":"wp","href":"https:\/\/api.w.org\/{rel}","templated":true}]}}