{"id":1866,"date":"2021-09-30T08:49:17","date_gmt":"2021-09-30T08:49:17","guid":{"rendered":"https:\/\/www.missionsvalencia.eu\/cpivalencia\/?page_id=1866"},"modified":"2021-10-26T13:17:07","modified_gmt":"2021-10-26T13:17:07","slug":"early-demand-map","status":"publish","type":"page","link":"https:\/\/www.missionsvalencia.eu\/cpivalencia\/en\/early-demand-map\/","title":{"rendered":"EARLY DEMAND MAP VAL\u00c8NCIA 2030"},"content":{"rendered":"<p>[et_pb_section fb_built=\u00bb1&#8243; _builder_version=\u00bb4.5.7&#8243; _module_preset=\u00bbdefault\u00bb use_background_color_gradient=\u00bbon\u00bb background_color_gradient_start=\u00bb#3c6ee6&#8243; background_color_gradient_end=\u00bb#0ab446&#8243; background_color_gradient_direction=\u00bb248deg\u00bb background_color_gradient_end_position=\u00bb72%\u00bb custom_padding=\u00bb24px||24px||true|\u00bb][et_pb_row _builder_version=\u00bb4.5.7&#8243; _module_preset=\u00bbdefault\u00bb][et_pb_column type=\u00bb4_4&#8243; _builder_version=\u00bb4.5.7&#8243; _module_preset=\u00bbdefault\u00bb][et_pb_text _builder_version=\u00bb4.5.7&#8243; _module_preset=\u00bbdefault\u00bb text_text_color=\u00bb#f2f2f2&#8243; header_text_align=\u00bbcenter\u00bb header_text_color=\u00bb#f2f2f2&#8243; text_orientation=\u00bbcenter\u00bb]<\/p>\n<h1>Early Demand Map Val\u00e8ncia 2030<\/h1>\n<p>City challenges within a decade to be solved through Public Procurement of Innovation (PPI)<\/p>\n<p>[\/et_pb_text][\/et_pb_column][\/et_pb_row][\/et_pb_section][et_pb_section fb_built=\u00bb1&#8243; _builder_version=\u00bb4.5.7&#8243; _module_preset=\u00bbdefault\u00bb custom_padding=\u00bb8px||8px||true|\u00bb][et_pb_row _builder_version=\u00bb4.5.7&#8243; _module_preset=\u00bbdefault\u00bb][et_pb_column type=\u00bb4_4&#8243; _builder_version=\u00bb4.5.7&#8243; _module_preset=\u00bbdefault\u00bb][et_pb_text _builder_version=\u00bb4.5.7&#8243; _module_preset=\u00bbdefault\u00bb text_font=\u00bb|300|||||||\u00bb]<\/p>\n<p>One of the main inputs for developing a correct PPI process is linked to<strong> being able to correctly identify the needs that the PPI promoter agent has that could be resolved through this procedure.<\/strong> In this sense, it is recommended to launch the development of PPI processes by implementing <strong>demand channelling mechanisms<\/strong> that allow for the identification of challenges or needs that are currently unresolved, but which could be addressed through Public Procurement of Innovation.<\/p>\n<p>With this criteria in mind, during the first half of the year 2021, the City Council of Valencia has undertaken<strong> a series of workshops to identify these challenges and unmet needs<\/strong>, involving the <strong>4 helixes of the innovative ecosystem of Valencia.<\/strong><\/p>\n<p>All the ideas collected have been structured in an orderly and logical way in what is known as the <strong>Early Demand Map<\/strong>, the presentation of which is precisely the purpose of this document.<\/p>\n<p>&nbsp;<\/p>\n<ul>\n<li style=\"text-align: justify;\"><a href=\"https:\/\/www.missionsvalencia.eu\/cpivalencia\/wp-content\/uploads\/2021\/10\/Early-Demand-Map-Valencia-2030.pdf\" target=\"_blank\" rel=\"noopener noreferrer\">Early Demand Map Val\u00e8ncia<\/a><\/li>\n<li style=\"text-align: justify;\"><a href=\"https:\/\/www.missionsvalencia.eu\/cpivalencia\/wp-content\/uploads\/2021\/07\/Mapa-de-Demanda-Temprana-Valencia_Resumen-ejecutivo.pdf\" rel=\"attachment wp-att-1665 noopener noreferrer\" target=\"_blank\"><\/a><a href=\"https:\/\/www.missionsvalencia.eu\/cpivalencia\/wp-content\/uploads\/2021\/10\/Early-Demand-Map-Valencia-2030_Executive-summary.pdf\" target=\"_blank\" rel=\"noopener noreferrer\">Early Demand Map Val\u00e8ncia &#8211;\u00a0Executive Summary<\/a><\/li>\n<\/ul>\n<p>[\/et_pb_text][\/et_pb_column][\/et_pb_row][\/et_pb_section][et_pb_section fb_built=\u00bb1&#8243; _builder_version=\u00bb4.5.7&#8243; _module_preset=\u00bbdefault\u00bb custom_padding=\u00bb20px||19px|||\u00bb][et_pb_row _builder_version=\u00bb4.5.7&#8243; _module_preset=\u00bbdefault\u00bb custom_padding=\u00bb15px||6px|||\u00bb][et_pb_column type=\u00bb4_4&#8243; _builder_version=\u00bb4.5.7&#8243; _module_preset=\u00bbdefault\u00bb][et_pb_text _builder_version=\u00bb4.5.7&#8243; _module_preset=\u00bbdefault\u00bb text_text_color=\u00bb#ffffff\u00bb header_text_color=\u00bb#ffffff\u00bb header_2_text_color=\u00bb#ffffff\u00bb header_3_text_color=\u00bb#ffffff\u00bb header_3_font_size=\u00bb24px\u00bb background_color=\u00bb#0ab446&#8243; min_height=\u00bb66px\u00bb custom_margin=\u00bb-3px||||false|false\u00bb custom_padding=\u00bb15px||15px||true|\u00bb]<\/p>\n<h2 style=\"text-align: center;\"><b>WHAT IS AN \u00abEARLY DEMAND MAP\u00bb?<\/b><\/h2>\n<p>[\/et_pb_text][\/et_pb_column][\/et_pb_row][et_pb_row column_structure=\u00bb1_2,1_2&#8243; _builder_version=\u00bb4.5.7&#8243; _module_preset=\u00bbdefault\u00bb][et_pb_column type=\u00bb1_2&#8243; _builder_version=\u00bb4.5.7&#8243; _module_preset=\u00bbdefault\u00bb][et_pb_text _builder_version=\u00bb4.5.7&#8243; _module_preset=\u00bbdefault\u00bb text_font=\u00bb|300|||||||\u00bb text_text_color=\u00bb#ffffff\u00bb header_text_align=\u00bbcenter\u00bb header_text_color=\u00bb#ffffff\u00bb header_font_size=\u00bb18px\u00bb background_color=\u00bb#f04650&#8243; custom_padding=\u00bb12px|12px|12px|12px|true|true\u00bb]<\/p>\n<h1>Definition<\/h1>\n<p style=\"text-align: justify;\">The Early Demand Map (EDM) is a list of those public needs where the PPI modality would provide a way to satisfy them, as procurement through \u00abconventional\u00bb procurement procedures does not \u00abwork\u00bb.<\/p>\n<p>[\/et_pb_text][\/et_pb_column][et_pb_column type=\u00bb1_2&#8243; _builder_version=\u00bb4.5.7&#8243; _module_preset=\u00bbdefault\u00bb][et_pb_text _builder_version=\u00bb4.5.7&#8243; _module_preset=\u00bbdefault\u00bb text_font=\u00bb|300|||||||\u00bb text_text_color=\u00bb#ffffff\u00bb header_text_align=\u00bbcenter\u00bb header_text_color=\u00bb#ffffff\u00bb header_font_size=\u00bb18px\u00bb background_color=\u00bb#3c6ee6&#8243; custom_padding=\u00bb12px|12px|12px|12px|true|true\u00bb]<\/p>\n<h1>The importance of the EDM<\/h1>\n<p style=\"text-align: justify;\">As an instrument to inform the market about the needs of the Administration, it provides valuable information to companies to guide their R&amp;D&amp;I initiatives towards potential tenders. In fact, it has been proven that without the Early Demand Map, solutions take longer to reach the market.<\/p>\n<p>[\/et_pb_text][\/et_pb_column][\/et_pb_row][\/et_pb_section][et_pb_section fb_built=\u00bb1&#8243; _builder_version=\u00bb4.5.7&#8243; _module_preset=\u00bbdefault\u00bb custom_padding=\u00bb31px||31px||true|\u00bb][et_pb_row column_structure=\u00bb1_4,1_4,1_4,1_4&#8243; _builder_version=\u00bb4.5.7&#8243; _module_preset=\u00bbdefault\u00bb custom_padding=\u00bb40px|||||\u00bb][et_pb_column type=\u00bb1_4&#8243; _builder_version=\u00bb4.5.7&#8243; _module_preset=\u00bbdefault\u00bb][et_pb_blurb image=\u00bbhttps:\/\/www.missionsvalencia.eu\/cpivalencia\/wp-content\/uploads\/2021\/07\/Bola-1.png\u00bb _builder_version=\u00bb4.5.7&#8243; _module_preset=\u00bbdefault\u00bb hover_enabled=\u00bb0&#8243;]<\/p>\n<p style=\"text-align: center;\">Challenges and unmet needs associated with<br \/> Healthy Val\u00e8ncia Look<\/p>\n<p style=\"text-align: center;\">(<a href=\"https:\/\/www.missionsvalencia.eu\/cpivalencia\/wp-content\/uploads\/2021\/10\/Early-Demand-Map-Valencia-2030-Healthy-Valencia.pdf\" target=\"_blank\" rel=\"noopener noreferrer\">SEE MORE<\/a>)<\/p>\n<p>&nbsp;<\/p>\n<p>[\/et_pb_blurb][\/et_pb_column][et_pb_column type=\u00bb1_4&#8243; _builder_version=\u00bb4.5.7&#8243; _module_preset=\u00bbdefault\u00bb][et_pb_blurb image=\u00bbhttps:\/\/www.missionsvalencia.eu\/cpivalencia\/wp-content\/uploads\/2021\/07\/Bola-3.png\u00bb _builder_version=\u00bb4.5.7&#8243; _module_preset=\u00bbdefault\u00bb hover_enabled=\u00bb0&#8243;]<\/p>\n<p style=\"text-align: center;\">Challenges and unmet needs associated with<br \/> Sustainable Val\u00e8ncia Look &#8211; Climate Change<\/p>\n<p style=\"text-align: center;\">(<a href=\"https:\/\/www.missionsvalencia.eu\/cpivalencia\/wp-content\/uploads\/2021\/10\/Early-Demand-Map-Valencia-2030-Sustainable-Valencia-Climate-Change.pdf\" rel=\"attachment wp-att-1767 noopener noreferrer\" target=\"_blank\">SEE MORE<\/a>)<\/p>\n<p>[\/et_pb_blurb][\/et_pb_column][et_pb_column type=\u00bb1_4&#8243; _builder_version=\u00bb4.5.7&#8243; _module_preset=\u00bbdefault\u00bb][et_pb_blurb image=\u00bbhttps:\/\/www.missionsvalencia.eu\/cpivalencia\/wp-content\/uploads\/2021\/07\/Bola-3.png\u00bb _builder_version=\u00bb4.5.7&#8243; _module_preset=\u00bbdefault\u00bb hover_enabled=\u00bb0&#8243;]<\/p>\n<p style=\"text-align: center;\">Challenges and unmet needs associated with<br \/> Sustainable Val\u00e8ncia Look &#8211; Sustainable Mobility<\/p>\n<p style=\"text-align: center;\">(<a href=\"https:\/\/www.missionsvalencia.eu\/cpivalencia\/wp-content\/uploads\/2021\/10\/Early-Demand-Map-Valencia-2030-\u2013-Sustainable-Valencia-\u2013-Sustainable-Mobility.pdf\" rel=\"attachment wp-att-1768 noopener noreferrer\" target=\"_blank\">SEE MORE<\/a>)<\/p>\n<p>[\/et_pb_blurb][\/et_pb_column][et_pb_column type=\u00bb1_4&#8243; _builder_version=\u00bb4.5.7&#8243; _module_preset=\u00bbdefault\u00bb][et_pb_blurb image=\u00bbhttps:\/\/www.missionsvalencia.eu\/cpivalencia\/wp-content\/uploads\/2021\/07\/Bola-4.png\u00bb _builder_version=\u00bb4.5.7&#8243; _module_preset=\u00bbdefault\u00bb hover_enabled=\u00bb0&#8243;]<\/p>\n<p style=\"text-align: center;\">Challenges and unmet needs associated with<br \/> Shared Val\u00e8ncia Look &#8211; Social<\/p>\n<p style=\"text-align: center;\">(<a href=\"https:\/\/www.missionsvalencia.eu\/cpivalencia\/wp-content\/uploads\/2021\/10\/Early-Demand-Map-Valencia-2030-\u2013-Shared-Valencia-\u2013-Social-Cohesion.pdf\" rel=\"attachment wp-att-1762 noopener noreferrer\" target=\"_blank\">SEE MORE<\/a>)<\/p>\n<p>[\/et_pb_blurb][\/et_pb_column][\/et_pb_row][et_pb_row column_structure=\u00bb1_3,1_3,1_3&#8243; _builder_version=\u00bb4.5.7&#8243; _module_preset=\u00bbdefault\u00bb custom_padding=\u00bb||57px|||\u00bb][et_pb_column type=\u00bb1_3&#8243; _builder_version=\u00bb4.5.7&#8243; _module_preset=\u00bbdefault\u00bb][et_pb_blurb image=\u00bbhttps:\/\/www.missionsvalencia.eu\/cpivalencia\/wp-content\/uploads\/2021\/07\/Bola-4.png\u00bb _builder_version=\u00bb4.5.7&#8243; _module_preset=\u00bbdefault\u00bb hover_enabled=\u00bb0&#8243;]<\/p>\n<p style=\"text-align: center;\">Challenges and unmet needs associated with the Shared Val\u00e8ncia Look &#8211; Sustainable Urban Development<\/p>\n<p style=\"text-align: center;\">(<a href=\"https:\/\/www.missionsvalencia.eu\/cpivalencia\/wp-content\/uploads\/2021\/10\/Early-Demand-Map-Valencia-2030-\u2013-Shared-Valencia-\u2013-Sustainable-Urbanism.pdf\" rel=\"attachment wp-att-1763 noopener noreferrer\" target=\"_blank\">SEE MORE<\/a>)<\/p>\n<p>[\/et_pb_blurb][\/et_pb_column][et_pb_column type=\u00bb1_3&#8243; _builder_version=\u00bb4.5.7&#8243; _module_preset=\u00bbdefault\u00bb][et_pb_blurb image=\u00bbhttps:\/\/www.missionsvalencia.eu\/cpivalencia\/wp-content\/uploads\/2021\/07\/Bola-2.png\u00bb _builder_version=\u00bb4.5.7&#8243; _module_preset=\u00bbdefault\u00bb hover_enabled=\u00bb0&#8243;]<\/p>\n<p style=\"text-align: center;\">Challenges and unmet needs associated with Prosperous and Entrepreneurial Val\u00e8ncia Look<\/p>\n<p style=\"text-align: center;\">(<a href=\"https:\/\/www.missionsvalencia.eu\/cpivalencia\/wp-content\/uploads\/2021\/10\/Early-Demand-Map-Valencia-2030-\u2013-Prosperous-and-Entrepreneurial-Valencia.pdf\" rel=\"attachment wp-att-1764 noopener noreferrer\" target=\"_blank\">SEE MORE<\/a>)<\/p>\n<p>[\/et_pb_blurb][\/et_pb_column][et_pb_column type=\u00bb1_3&#8243; _builder_version=\u00bb4.5.7&#8243; _module_preset=\u00bbdefault\u00bb][et_pb_blurb image=\u00bbhttps:\/\/www.missionsvalencia.eu\/cpivalencia\/wp-content\/uploads\/2021\/07\/Bola-5.png\u00bb _builder_version=\u00bb4.5.7&#8243; _module_preset=\u00bbdefault\u00bb hover_enabled=\u00bb0&#8243;]<\/p>\n<p style=\"text-align: center;\">Challenges and unmet needs associated with the Transformation of Valencian Local Public Administration<\/p>\n<p style=\"text-align: center;\">(<a href=\"https:\/\/www.missionsvalencia.eu\/cpivalencia\/wp-content\/uploads\/2021\/10\/Early-Demand-Map-Valencia-2030-\u2013-Internal-Challenges-.pdf\" rel=\"attachment wp-att-1765 noopener noreferrer\" target=\"_blank\">SEE MORE<\/a>)<\/p>\n<p>[\/et_pb_blurb][\/et_pb_column][\/et_pb_row][et_pb_row _builder_version=\u00bb4.5.7&#8243; _module_preset=\u00bbdefault\u00bb custom_padding=\u00bb||0px|||\u00bb][et_pb_column type=\u00bb4_4&#8243; _builder_version=\u00bb4.5.7&#8243; _module_preset=\u00bbdefault\u00bb][et_pb_divider _builder_version=\u00bb4.5.7&#8243; _module_preset=\u00bbdefault\u00bb][\/et_pb_divider][\/et_pb_column][\/et_pb_row][\/et_pb_section][et_pb_section fb_built=\u00bb1&#8243; _builder_version=\u00bb4.5.7&#8243; _module_preset=\u00bbdefault\u00bb custom_padding=\u00bb3px||3px||true|\u00bb][et_pb_row _builder_version=\u00bb4.5.7&#8243; _module_preset=\u00bbdefault\u00bb custom_margin=\u00bb|auto|-2px|auto||\u00bb custom_padding=\u00bb||37px|||\u00bb][et_pb_column type=\u00bb4_4&#8243; _builder_version=\u00bb4.5.7&#8243; _module_preset=\u00bbdefault\u00bb][et_pb_text _builder_version=\u00bb4.5.7&#8243; _module_preset=\u00bbdefault\u00bb header_text_align=\u00bbcenter\u00bb]<\/p>\n<h1>WORKSHOP: EARLY DEMAND MAP VAL\u00c8NCIA 2030<\/h1>\n<p>[\/et_pb_text][\/et_pb_column][\/et_pb_row][et_pb_row _builder_version=\u00bb4.5.7&#8243; _module_preset=\u00bbdefault\u00bb custom_padding=\u00bb25px||67px|||\u00bb][et_pb_column type=\u00bb4_4&#8243; _builder_version=\u00bb4.5.7&#8243; _module_preset=\u00bbdefault\u00bb][et_pb_video src=\u00bbhttps:\/\/www.youtube.com\/watch?v=6Q5GmS1fE_E\u00bb _builder_version=\u00bb4.5.7&#8243; _module_preset=\u00bbdefault\u00bb][\/et_pb_video][\/et_pb_column][\/et_pb_row][\/et_pb_section]<\/p>\n","protected":false},"excerpt":{"rendered":"<p>Early Demand Map Val\u00e8ncia 2030 City challenges within a decade to be solved through Public Procurement of Innovation (PPI)One of the main inputs for developing a correct PPI process is linked to being able to correctly identify the needs that the PPI promoter agent has that could be resolved through this procedure. In this sense, [&hellip;]<\/p>\n","protected":false},"author":1,"featured_media":0,"parent":0,"menu_order":0,"comment_status":"closed","ping_status":"closed","template":"","meta":{"_et_pb_use_builder":"on","_et_pb_old_content":"","_et_gb_content_width":"","inline_featured_image":false},"yoast_head":"<!-- This site is optimized with the Yoast SEO plugin v19.3 - https:\/\/yoast.com\/wordpress\/plugins\/seo\/ -->\n<title>EARLY DEMAND MAP VAL\u00c8NCIA 2030 - CPI Val&egrave;ncia<\/title>\n<meta name=\"robots\" content=\"index, follow, max-snippet:-1, max-image-preview:large, max-video-preview:-1\" \/>\n<link rel=\"canonical\" href=\"https:\/\/www.missionsvalencia.eu\/cpivalencia\/en\/early-demand-map\/\" \/>\n<meta property=\"og:locale\" content=\"es_ES\" \/>\n<meta property=\"og:type\" content=\"article\" \/>\n<meta property=\"og:title\" content=\"EARLY DEMAND MAP VAL\u00c8NCIA 2030 - CPI Val&egrave;ncia\" \/>\n<meta property=\"og:description\" content=\"Early Demand Map Val\u00e8ncia 2030 City challenges within a decade to be solved through Public Procurement of Innovation (PPI)One of the main inputs for developing a correct PPI process is linked to being able to correctly identify the needs that the PPI promoter agent has that could be resolved through this procedure. In this sense, [&hellip;]\" \/>\n<meta property=\"og:url\" content=\"https:\/\/www.missionsvalencia.eu\/cpivalencia\/en\/early-demand-map\/\" \/>\n<meta property=\"og:site_name\" content=\"CPI Val&egrave;ncia\" \/>\n<meta property=\"article:publisher\" content=\"https:\/\/www.facebook.com\/LasNavesINN\" \/>\n<meta property=\"article:modified_time\" content=\"2021-10-26T13:17:07+00:00\" \/>\n<meta property=\"og:image\" content=\"https:\/\/www.missionsvalencia.eu\/cpivalencia\/wp-content\/uploads\/2021\/08\/CPI_vlc_logo_color.png\" \/>\n\t<meta property=\"og:image:width\" content=\"842\" \/>\n\t<meta property=\"og:image:height\" content=\"596\" \/>\n\t<meta property=\"og:image:type\" content=\"image\/png\" \/>\n<meta name=\"twitter:card\" content=\"summary_large_image\" \/>\n<meta name=\"twitter:site\" content=\"@lasnavesINN\" \/>\n<script type=\"application\/ld+json\" class=\"yoast-schema-graph\">{\"@context\":\"https:\/\/schema.org\",\"@graph\":[{\"@type\":\"Organization\",\"@id\":\"https:\/\/www.missionsvalencia.eu\/cpivalencia\/#organization\",\"name\":\"COMPRA P\u00daBLICA DE INNOVACI\u00d3N - CPI Val\u00e8ncia\",\"url\":\"https:\/\/www.missionsvalencia.eu\/cpivalencia\/\",\"sameAs\":[\"https:\/\/www.instagram.com\/LASNAVES\/\",\"https:\/\/www.facebook.com\/LasNavesINN\",\"https:\/\/twitter.com\/lasnavesINN\"],\"logo\":{\"@type\":\"ImageObject\",\"inLanguage\":\"es\",\"@id\":\"https:\/\/www.missionsvalencia.eu\/cpivalencia\/#\/schema\/logo\/image\/\",\"url\":\"https:\/\/www.missionsvalencia.eu\/cpivalencia\/wp-content\/uploads\/2021\/07\/CPI_vlc_logo_color.png\",\"contentUrl\":\"https:\/\/www.missionsvalencia.eu\/cpivalencia\/wp-content\/uploads\/2021\/07\/CPI_vlc_logo_color.png\",\"width\":842,\"height\":596,\"caption\":\"COMPRA P\u00daBLICA DE INNOVACI\u00d3N - CPI Val\u00e8ncia\"},\"image\":{\"@id\":\"https:\/\/www.missionsvalencia.eu\/cpivalencia\/#\/schema\/logo\/image\/\"}},{\"@type\":\"WebSite\",\"@id\":\"https:\/\/www.missionsvalencia.eu\/cpivalencia\/#website\",\"url\":\"https:\/\/www.missionsvalencia.eu\/cpivalencia\/\",\"name\":\"CPI Val&egrave;ncia\",\"description\":\"Compra P&uacute;blica de Innovaci&oacute;n dirigida a Val&egrave;ncia, una herramienta de innovaci&oacute;n.\",\"publisher\":{\"@id\":\"https:\/\/www.missionsvalencia.eu\/cpivalencia\/#organization\"},\"potentialAction\":[{\"@type\":\"SearchAction\",\"target\":{\"@type\":\"EntryPoint\",\"urlTemplate\":\"https:\/\/www.missionsvalencia.eu\/cpivalencia\/?s={search_term_string}\"},\"query-input\":\"required name=search_term_string\"}],\"inLanguage\":\"es\"},{\"@type\":\"WebPage\",\"@id\":\"https:\/\/www.missionsvalencia.eu\/cpivalencia\/en\/early-demand-map\/\",\"url\":\"https:\/\/www.missionsvalencia.eu\/cpivalencia\/en\/early-demand-map\/\",\"name\":\"EARLY DEMAND MAP VAL\u00c8NCIA 2030 - CPI Val&egrave;ncia\",\"isPartOf\":{\"@id\":\"https:\/\/www.missionsvalencia.eu\/cpivalencia\/#website\"},\"datePublished\":\"2021-09-30T08:49:17+00:00\",\"dateModified\":\"2021-10-26T13:17:07+00:00\",\"breadcrumb\":{\"@id\":\"https:\/\/www.missionsvalencia.eu\/cpivalencia\/en\/early-demand-map\/#breadcrumb\"},\"inLanguage\":\"es\",\"potentialAction\":[{\"@type\":\"ReadAction\",\"target\":[\"https:\/\/www.missionsvalencia.eu\/cpivalencia\/en\/early-demand-map\/\"]}]},{\"@type\":\"BreadcrumbList\",\"@id\":\"https:\/\/www.missionsvalencia.eu\/cpivalencia\/en\/early-demand-map\/#breadcrumb\",\"itemListElement\":[{\"@type\":\"ListItem\",\"position\":1,\"name\":\"Portada\",\"item\":\"https:\/\/www.missionsvalencia.eu\/cpivalencia\/\"},{\"@type\":\"ListItem\",\"position\":2,\"name\":\"EARLY DEMAND MAP VAL\u00c8NCIA 2030\"}]}]}<\/script>\n<!-- \/ Yoast SEO plugin. -->","yoast_head_json":{"title":"EARLY DEMAND MAP VAL\u00c8NCIA 2030 - CPI Val&egrave;ncia","robots":{"index":"index","follow":"follow","max-snippet":"max-snippet:-1","max-image-preview":"max-image-preview:large","max-video-preview":"max-video-preview:-1"},"canonical":"https:\/\/www.missionsvalencia.eu\/cpivalencia\/en\/early-demand-map\/","og_locale":"es_ES","og_type":"article","og_title":"EARLY DEMAND MAP VAL\u00c8NCIA 2030 - CPI Val&egrave;ncia","og_description":"Early Demand Map Val\u00e8ncia 2030 City challenges within a decade to be solved through Public Procurement of Innovation (PPI)One of the main inputs for developing a correct PPI process is linked to being able to correctly identify the needs that the PPI promoter agent has that could be resolved through this procedure. In this sense, [&hellip;]","og_url":"https:\/\/www.missionsvalencia.eu\/cpivalencia\/en\/early-demand-map\/","og_site_name":"CPI Val&egrave;ncia","article_publisher":"https:\/\/www.facebook.com\/LasNavesINN","article_modified_time":"2021-10-26T13:17:07+00:00","og_image":[{"width":842,"height":596,"url":"https:\/\/www.missionsvalencia.eu\/cpivalencia\/wp-content\/uploads\/2021\/08\/CPI_vlc_logo_color.png","type":"image\/png"}],"twitter_card":"summary_large_image","twitter_site":"@lasnavesINN","schema":{"@context":"https:\/\/schema.org","@graph":[{"@type":"Organization","@id":"https:\/\/www.missionsvalencia.eu\/cpivalencia\/#organization","name":"COMPRA P\u00daBLICA DE INNOVACI\u00d3N - CPI Val\u00e8ncia","url":"https:\/\/www.missionsvalencia.eu\/cpivalencia\/","sameAs":["https:\/\/www.instagram.com\/LASNAVES\/","https:\/\/www.facebook.com\/LasNavesINN","https:\/\/twitter.com\/lasnavesINN"],"logo":{"@type":"ImageObject","inLanguage":"es","@id":"https:\/\/www.missionsvalencia.eu\/cpivalencia\/#\/schema\/logo\/image\/","url":"https:\/\/www.missionsvalencia.eu\/cpivalencia\/wp-content\/uploads\/2021\/07\/CPI_vlc_logo_color.png","contentUrl":"https:\/\/www.missionsvalencia.eu\/cpivalencia\/wp-content\/uploads\/2021\/07\/CPI_vlc_logo_color.png","width":842,"height":596,"caption":"COMPRA P\u00daBLICA DE INNOVACI\u00d3N - CPI Val\u00e8ncia"},"image":{"@id":"https:\/\/www.missionsvalencia.eu\/cpivalencia\/#\/schema\/logo\/image\/"}},{"@type":"WebSite","@id":"https:\/\/www.missionsvalencia.eu\/cpivalencia\/#website","url":"https:\/\/www.missionsvalencia.eu\/cpivalencia\/","name":"CPI Val&egrave;ncia","description":"Compra P&uacute;blica de Innovaci&oacute;n dirigida a Val&egrave;ncia, una herramienta de innovaci&oacute;n.","publisher":{"@id":"https:\/\/www.missionsvalencia.eu\/cpivalencia\/#organization"},"potentialAction":[{"@type":"SearchAction","target":{"@type":"EntryPoint","urlTemplate":"https:\/\/www.missionsvalencia.eu\/cpivalencia\/?s={search_term_string}"},"query-input":"required name=search_term_string"}],"inLanguage":"es"},{"@type":"WebPage","@id":"https:\/\/www.missionsvalencia.eu\/cpivalencia\/en\/early-demand-map\/","url":"https:\/\/www.missionsvalencia.eu\/cpivalencia\/en\/early-demand-map\/","name":"EARLY DEMAND MAP VAL\u00c8NCIA 2030 - CPI Val&egrave;ncia","isPartOf":{"@id":"https:\/\/www.missionsvalencia.eu\/cpivalencia\/#website"},"datePublished":"2021-09-30T08:49:17+00:00","dateModified":"2021-10-26T13:17:07+00:00","breadcrumb":{"@id":"https:\/\/www.missionsvalencia.eu\/cpivalencia\/en\/early-demand-map\/#breadcrumb"},"inLanguage":"es","potentialAction":[{"@type":"ReadAction","target":["https:\/\/www.missionsvalencia.eu\/cpivalencia\/en\/early-demand-map\/"]}]},{"@type":"BreadcrumbList","@id":"https:\/\/www.missionsvalencia.eu\/cpivalencia\/en\/early-demand-map\/#breadcrumb","itemListElement":[{"@type":"ListItem","position":1,"name":"Portada","item":"https:\/\/www.missionsvalencia.eu\/cpivalencia\/"},{"@type":"ListItem","position":2,"name":"EARLY DEMAND MAP VAL\u00c8NCIA 2030"}]}]}},"_links":{"self":[{"href":"https:\/\/www.missionsvalencia.eu\/cpivalencia\/wp-json\/wp\/v2\/pages\/1866"}],"collection":[{"href":"https:\/\/www.missionsvalencia.eu\/cpivalencia\/wp-json\/wp\/v2\/pages"}],"about":[{"href":"https:\/\/www.missionsvalencia.eu\/cpivalencia\/wp-json\/wp\/v2\/types\/page"}],"author":[{"embeddable":true,"href":"https:\/\/www.missionsvalencia.eu\/cpivalencia\/wp-json\/wp\/v2\/users\/1"}],"replies":[{"embeddable":true,"href":"https:\/\/www.missionsvalencia.eu\/cpivalencia\/wp-json\/wp\/v2\/comments?post=1866"}],"version-history":[{"count":6,"href":"https:\/\/www.missionsvalencia.eu\/cpivalencia\/wp-json\/wp\/v2\/pages\/1866\/revisions"}],"predecessor-version":[{"id":1994,"href":"https:\/\/www.missionsvalencia.eu\/cpivalencia\/wp-json\/wp\/v2\/pages\/1866\/revisions\/1994"}],"wp:attachment":[{"href":"https:\/\/www.missionsvalencia.eu\/cpivalencia\/wp-json\/wp\/v2\/media?parent=1866"}],"curies":[{"name":"wp","href":"https:\/\/api.w.org\/{rel}","templated":true}]}}