{"id":1564,"date":"2021-07-06T12:24:26","date_gmt":"2021-07-06T12:24:26","guid":{"rendered":"https:\/\/www.missionsvalencia.eu\/cpivalencia\/?page_id=1564"},"modified":"2023-02-06T11:28:12","modified_gmt":"2023-02-06T11:28:12","slug":"mapa-demanda-temprana-valencia-2030","status":"publish","type":"page","link":"https:\/\/www.missionsvalencia.eu\/cpivalencia\/mapa-demanda-temprana-valencia-2030\/","title":{"rendered":"MAPA DE DEMANDA TEMPRANA VAL\u00c8NCIA 2030"},"content":{"rendered":"<p>[et_pb_section fb_built=\u00bb1&#8243; _builder_version=\u00bb4.16&#8243; _module_preset=\u00bbdefault\u00bb use_background_color_gradient=\u00bbon\u00bb background_color_gradient_direction=\u00bb248deg\u00bb background_color_gradient_stops=\u00bb#3c6ee6 0%|#0ab446 72%\u00bb background_color_gradient_start=\u00bb#3c6ee6&#8243; background_color_gradient_end=\u00bb#0ab446&#8243; background_color_gradient_end_position=\u00bb72%\u00bb custom_padding=\u00bb24px||24px||true|\u00bb global_colors_info=\u00bb{}\u00bb][et_pb_row _builder_version=\u00bb4.16&#8243; _module_preset=\u00bbdefault\u00bb global_colors_info=\u00bb{}\u00bb][et_pb_column type=\u00bb4_4&#8243; _builder_version=\u00bb4.16&#8243; _module_preset=\u00bbdefault\u00bb global_colors_info=\u00bb{}\u00bb][et_pb_text _builder_version=\u00bb4.16&#8243; _module_preset=\u00bbdefault\u00bb text_text_color=\u00bb#f2f2f2&#8243; header_text_align=\u00bbcenter\u00bb header_text_color=\u00bb#f2f2f2&#8243; text_orientation=\u00bbcenter\u00bb global_colors_info=\u00bb{}\u00bb]<\/p>\n<h1>Mapa de Demanda Temprana Val\u00e8ncia 2030<\/h1>\n<p>Los retos de ciudad para una\u00a0d\u00e9cada para su resoluci\u00f3n mediante la Compra P\u00fablica de Innovaci\u00f3n (CPI)<\/p>\n<p>[\/et_pb_text][\/et_pb_column][\/et_pb_row][\/et_pb_section][et_pb_section fb_built=\u00bb1&#8243; _builder_version=\u00bb4.16&#8243; _module_preset=\u00bbdefault\u00bb custom_padding=\u00bb8px||8px||true|\u00bb global_colors_info=\u00bb{}\u00bb][et_pb_row _builder_version=\u00bb4.16&#8243; _module_preset=\u00bbdefault\u00bb global_colors_info=\u00bb{}\u00bb][et_pb_column type=\u00bb4_4&#8243; _builder_version=\u00bb4.16&#8243; _module_preset=\u00bbdefault\u00bb global_colors_info=\u00bb{}\u00bb][et_pb_text _builder_version=\u00bb4.16&#8243; _module_preset=\u00bbdefault\u00bb text_font=\u00bb|300|||||||\u00bb global_colors_info=\u00bb{}\u00bb]<\/p>\n<p style=\"text-align: justify;\">Uno de los inputs principales para desarrollar un correcto proceso de CPI se liga a ser capaz de <b>identificar correctamente cu\u00e1les son las necesidades que el agente promotor de la CPI posee que podr\u00edan ser resueltas mediante este procedimiento<\/b>. En este sentido, es recomendable comenzar el desarrollo de los procesos de CPI mediante la puesta en marcha <b>mecanismos de canalizaci\u00f3n de la demanda<\/b> que permitan realizar una identificaci\u00f3n de retos o necesidades no resueltas en la actualidad, pero que, sin embargo, podr\u00edan abordarse a trav\u00e9s de la Compra P\u00fablica de Innovaci\u00f3n.<\/p>\n<p style=\"text-align: justify;\">Atendiendo a este criterio, durante el primer semestre del a\u00f1o 2021, el Ajuntament de Val\u00e8ncia ha emprendido una serie de <b>talleres para la identificaci\u00f3n de dichos retos y necesidades no cubiertas<\/b>, involucrando, para ello, a las <b>4 h\u00e9lices del ecosistema innovador de Val\u00e8ncia<\/b>.<\/p>\n<p style=\"text-align: justify;\">Todas las ideas recolectadas se han estructurado de manera ordenada y l\u00f3gica en lo que se conoce como <b>Mapa de Demanda Temprana<\/b>, cuya presentaci\u00f3n es, precisamente, el objeto del presente documento.<\/p>\n<ul>\n<li style=\"text-align: justify;\"><a href=\"https:\/\/www.missionsvalencia.eu\/cpivalencia\/wp-content\/uploads\/2021\/10\/Mapa-de-Demanda-Temprana-Valencia-2030.pdf\" rel=\"attachment wp-att-1759 noopener noreferrer\" target=\"_blank\">Mapa de Demanda Temprana Val\u00e8ncia<\/a><\/li>\n<li style=\"text-align: justify;\"><a href=\"https:\/\/www.missionsvalencia.eu\/cpivalencia\/wp-content\/uploads\/2021\/07\/Mapa-de-Demanda-Temprana-Valencia_Resumen-ejecutivo.pdf\" rel=\"attachment wp-att-1665 noopener noreferrer\" target=\"_blank\"><\/a><a href=\"https:\/\/www.missionsvalencia.eu\/cpivalencia\/wp-content\/uploads\/2021\/10\/Mapa-de-Demanda-Temprana-Valencia-2030_Resumen-ejecutivo.pdf\" rel=\"attachment wp-att-1758 noopener noreferrer\" target=\"_blank\">Mapa de Demanda Temprana Val\u00e8ncia &#8211; Resumen Ejecutivo<\/a><\/li>\n<\/ul>\n<p>[\/et_pb_text][\/et_pb_column][\/et_pb_row][\/et_pb_section][et_pb_section fb_built=\u00bb1&#8243; _builder_version=\u00bb4.16&#8243; _module_preset=\u00bbdefault\u00bb custom_padding=\u00bb20px||19px|||\u00bb global_colors_info=\u00bb{}\u00bb][et_pb_row _builder_version=\u00bb4.16&#8243; _module_preset=\u00bbdefault\u00bb custom_padding=\u00bb15px||6px|||\u00bb global_colors_info=\u00bb{}\u00bb][et_pb_column type=\u00bb4_4&#8243; _builder_version=\u00bb4.16&#8243; _module_preset=\u00bbdefault\u00bb global_colors_info=\u00bb{}\u00bb][et_pb_text _builder_version=\u00bb4.16&#8243; _module_preset=\u00bbdefault\u00bb text_text_color=\u00bb#ffffff\u00bb header_text_color=\u00bb#ffffff\u00bb background_color=\u00bb#0ab446&#8243; min_height=\u00bb66px\u00bb custom_margin=\u00bb-3px||||false|false\u00bb custom_padding=\u00bb15px||15px||true|\u00bb global_colors_info=\u00bb{}\u00bb]<\/p>\n<h2 style=\"text-align: center;\"><span style=\"color: #ffffff;\">\u00bfQU\u00c9 ES UN MAPA DE DEMANDA TEMPRANA?<\/span><\/h2>\n<p>[\/et_pb_text][\/et_pb_column][\/et_pb_row][et_pb_row column_structure=\u00bb1_2,1_2&#8243; _builder_version=\u00bb4.16&#8243; _module_preset=\u00bbdefault\u00bb global_colors_info=\u00bb{}\u00bb][et_pb_column type=\u00bb1_2&#8243; _builder_version=\u00bb4.16&#8243; _module_preset=\u00bbdefault\u00bb global_colors_info=\u00bb{}\u00bb][et_pb_text _builder_version=\u00bb4.17.4&#8243; _module_preset=\u00bbdefault\u00bb text_font=\u00bb|300|||||||\u00bb text_text_color=\u00bb#ffffff\u00bb header_text_align=\u00bbcenter\u00bb header_text_color=\u00bb#ffffff\u00bb header_font_size=\u00bb18px\u00bb background_color=\u00bb#f04650&#8243; custom_padding=\u00bb12px|12px|12px|12px|true|true\u00bb hover_enabled=\u00bb0&#8243; global_colors_info=\u00bb{}\u00bb sticky_enabled=\u00bb0&#8243;]<\/p>\n<h2 style=\"text-align: center; color: #fff; font-size: 18px;\">Definici\u00f3n<\/h2>\n<p style=\"text-align: justify;\">El Mapa de Demanda Temprana (MDT) se trata de un listado de aquellas necesidades en las que la modalidad de CPI proporcionar\u00eda una v\u00eda para satisfacerlas, ya que su aprovisionamiento mediante los procedimientos de contrataci\u00f3n \u00ab<i>convencionales<\/i>\u00bb no acaba de \u201c<i>funcionar<\/i>\u201d.<\/p>\n<p>[\/et_pb_text][\/et_pb_column][et_pb_column type=\u00bb1_2&#8243; _builder_version=\u00bb4.16&#8243; _module_preset=\u00bbdefault\u00bb global_colors_info=\u00bb{}\u00bb][et_pb_text _builder_version=\u00bb4.17.4&#8243; _module_preset=\u00bbdefault\u00bb text_font=\u00bb|300|||||||\u00bb text_text_color=\u00bb#ffffff\u00bb header_text_align=\u00bbcenter\u00bb header_text_color=\u00bb#ffffff\u00bb header_font_size=\u00bb18px\u00bb background_color=\u00bb#3c6ee6&#8243; custom_padding=\u00bb12px|12px|12px|12px|true|true\u00bb hover_enabled=\u00bb0&#8243; global_colors_info=\u00bb{}\u00bb sticky_enabled=\u00bb0&#8243;]<\/p>\n<h2 style=\"text-align: center; color: #fff; font-size: 18px;\">La importancia del MDT<\/h2>\n<p>Al tratarse de un instrumento que permite informar al mercado de las necesidades que tiene la Administraci\u00f3n, facilita informaci\u00f3n valiosa a las empresas para que orienten sus iniciativas en I+D+i hacia las posibles licitaciones. De hecho, est\u00e1 comprobado que sin el Mapa de Demanda Temprana, las soluciones tardan m\u00e1s tiempo en llegar al mercado.[\/et_pb_text][\/et_pb_column][\/et_pb_row][\/et_pb_section][et_pb_section fb_built=\u00bb1&#8243; _builder_version=\u00bb4.16&#8243; _module_preset=\u00bbdefault\u00bb custom_padding=\u00bb31px||31px||true|\u00bb global_colors_info=\u00bb{}\u00bb][et_pb_row column_structure=\u00bb1_4,1_4,1_4,1_4&#8243; _builder_version=\u00bb4.16&#8243; _module_preset=\u00bbdefault\u00bb custom_padding=\u00bb40px|||||\u00bb global_colors_info=\u00bb{}\u00bb][et_pb_column type=\u00bb1_4&#8243; _builder_version=\u00bb4.16&#8243; _module_preset=\u00bbdefault\u00bb global_colors_info=\u00bb{}\u00bb][et_pb_blurb image=\u00bbhttps:\/\/www.missionsvalencia.eu\/cpivalencia\/wp-content\/uploads\/2021\/07\/Bola-1.png\u00bb _builder_version=\u00bb4.16&#8243; _module_preset=\u00bbdefault\u00bb global_colors_info=\u00bb{}\u00bb]<\/p>\n<p style=\"text-align: center;\">Retos y necesidades no cubiertas asociadas a la<br \/> Mirada Val\u00e8ncia Saludable<\/p>\n<p style=\"text-align: center;\">(<a href=\"https:\/\/www.missionsvalencia.eu\/cpivalencia\/wp-content\/uploads\/2021\/10\/Mapa-de-Demanda-Temprana-Valencia-Saludable.pdf\" rel=\"attachment wp-att-1766 noopener noreferrer\" target=\"_blank\">VER RETOS<\/a>)<\/p>\n<p style=\"text-align: center;\">[\/et_pb_blurb][\/et_pb_column][et_pb_column type=\u00bb1_4&#8243; _builder_version=\u00bb4.16&#8243; _module_preset=\u00bbdefault\u00bb global_colors_info=\u00bb{}\u00bb][et_pb_blurb image=\u00bbhttps:\/\/www.missionsvalencia.eu\/cpivalencia\/wp-content\/uploads\/2021\/07\/Bola-3.png\u00bb _builder_version=\u00bb4.16&#8243; _module_preset=\u00bbdefault\u00bb global_colors_info=\u00bb{}\u00bb]<\/p>\n<p style=\"text-align: center;\">Retos y necesidades no cubiertas asociadas a la<br \/> Mirada Val\u00e8ncia Sostenible &#8211; Cambio Clim\u00e1tico<\/p>\n<p style=\"text-align: center;\">(<a href=\"https:\/\/www.missionsvalencia.eu\/cpivalencia\/wp-content\/uploads\/2021\/10\/Mapa-de-Demanda-Temprana-Valencia-Sostenible-cambio-climatico.pdf\" rel=\"attachment wp-att-1767 noopener noreferrer\" target=\"_blank\">VER RETOS<\/a>)<\/p>\n<p>[\/et_pb_blurb][\/et_pb_column][et_pb_column type=\u00bb1_4&#8243; _builder_version=\u00bb4.16&#8243; _module_preset=\u00bbdefault\u00bb global_colors_info=\u00bb{}\u00bb][et_pb_blurb image=\u00bbhttps:\/\/www.missionsvalencia.eu\/cpivalencia\/wp-content\/uploads\/2021\/07\/Bola-3.png\u00bb _builder_version=\u00bb4.16&#8243; _module_preset=\u00bbdefault\u00bb global_colors_info=\u00bb{}\u00bb]<\/p>\n<p style=\"text-align: center;\">Retos y necesidades no cubiertas asociadas a la<br \/> Mirada Val\u00e8ncia Sostenible &#8211; Movilidad Sostenible<\/p>\n<p style=\"text-align: center;\">(<a href=\"https:\/\/www.missionsvalencia.eu\/cpivalencia\/wp-content\/uploads\/2021\/10\/Mapa-de-Demanda-Temprana-Valencia-Sostenible-Movilidad-sostenible.pdf\" rel=\"attachment wp-att-1768 noopener noreferrer\" target=\"_blank\">VER RETOS<\/a>)<\/p>\n<p>[\/et_pb_blurb][\/et_pb_column][et_pb_column type=\u00bb1_4&#8243; _builder_version=\u00bb4.16&#8243; _module_preset=\u00bbdefault\u00bb global_colors_info=\u00bb{}\u00bb][et_pb_blurb image=\u00bbhttps:\/\/www.missionsvalencia.eu\/cpivalencia\/wp-content\/uploads\/2021\/07\/Bola-4.png\u00bb _builder_version=\u00bb4.16&#8243; _module_preset=\u00bbdefault\u00bb global_colors_info=\u00bb{}\u00bb]<\/p>\n<p style=\"text-align: center;\">Retos y necesidades no cubiertas asociadas a la<br \/> Mirada Val\u00e8ncia Compartida &#8211; Social<\/p>\n<p style=\"text-align: center;\">(<a href=\"https:\/\/www.missionsvalencia.eu\/cpivalencia\/wp-content\/uploads\/2021\/10\/Mapa-de-Demanda-Temprana-Valencia-Compartida-Cohesion-social.pdf\" rel=\"attachment wp-att-1762 noopener noreferrer\" target=\"_blank\">VER RETOS<\/a>)<\/p>\n<p>[\/et_pb_blurb][\/et_pb_column][\/et_pb_row][et_pb_row column_structure=\u00bb1_3,1_3,1_3&#8243; _builder_version=\u00bb4.16&#8243; _module_preset=\u00bbdefault\u00bb custom_padding=\u00bb||57px|||\u00bb global_colors_info=\u00bb{}\u00bb][et_pb_column type=\u00bb1_3&#8243; _builder_version=\u00bb4.16&#8243; _module_preset=\u00bbdefault\u00bb global_colors_info=\u00bb{}\u00bb][et_pb_blurb image=\u00bbhttps:\/\/www.missionsvalencia.eu\/cpivalencia\/wp-content\/uploads\/2021\/07\/Bola-4.png\u00bb _builder_version=\u00bb4.16&#8243; _module_preset=\u00bbdefault\u00bb global_colors_info=\u00bb{}\u00bb]<\/p>\n<p style=\"text-align: center;\">Retos y necesidades no cubiertas asociadas a la Mirada Val\u00e8ncia Compartida &#8211; Urbanismo Sostenible<\/p>\n<p style=\"text-align: center;\">(<a href=\"https:\/\/www.missionsvalencia.eu\/cpivalencia\/wp-content\/uploads\/2021\/10\/Mapa-de-Demanda-Temprana-Valencia-Compartida-Urbanismo-sostenible.pdf\" rel=\"attachment wp-att-1763 noopener noreferrer\" target=\"_blank\">VER RETOS<\/a>)<\/p>\n<p>[\/et_pb_blurb][\/et_pb_column][et_pb_column type=\u00bb1_3&#8243; _builder_version=\u00bb4.16&#8243; _module_preset=\u00bbdefault\u00bb global_colors_info=\u00bb{}\u00bb][et_pb_blurb image=\u00bbhttps:\/\/www.missionsvalencia.eu\/cpivalencia\/wp-content\/uploads\/2021\/07\/Bola-2.png\u00bb _builder_version=\u00bb4.16&#8243; _module_preset=\u00bbdefault\u00bb global_colors_info=\u00bb{}\u00bb]<\/p>\n<p style=\"text-align: center;\">Retos y necesidades no cubiertas asociadas a la Mirada Val\u00e8ncia Pr\u00f3spera y Emprendedora<\/p>\n<p style=\"text-align: center;\">(<a href=\"https:\/\/www.missionsvalencia.eu\/cpivalencia\/wp-content\/uploads\/2021\/10\/Mapa-de-Demanda-Temprana-Valencia-Prospera-y-Emprendedora.pdf\" rel=\"attachment wp-att-1764 noopener noreferrer\" target=\"_blank\">VER RETOS<\/a>)<\/p>\n<p>[\/et_pb_blurb][\/et_pb_column][et_pb_column type=\u00bb1_3&#8243; _builder_version=\u00bb4.16&#8243; _module_preset=\u00bbdefault\u00bb global_colors_info=\u00bb{}\u00bb][et_pb_blurb image=\u00bbhttps:\/\/www.missionsvalencia.eu\/cpivalencia\/wp-content\/uploads\/2021\/07\/Bola-5.png\u00bb _builder_version=\u00bb4.16&#8243; _module_preset=\u00bbdefault\u00bb global_colors_info=\u00bb{}\u00bb]<\/p>\n<p style=\"text-align: center;\">Retos y necesidades no cubiertas asociadas a la Transformaci\u00f3n de la Administraci\u00f3n P\u00fablica Local Valenciana<\/p>\n<p style=\"text-align: center;\">(<a href=\"https:\/\/www.missionsvalencia.eu\/cpivalencia\/wp-content\/uploads\/2021\/10\/Mapa-de-Demanda-Temprana-Valencia-Retos-internos.pdf\" rel=\"attachment wp-att-1765 noopener noreferrer\" target=\"_blank\">VER RETOS<\/a>)<\/p>\n<p>[\/et_pb_blurb][\/et_pb_column][\/et_pb_row][et_pb_row _builder_version=\u00bb4.16&#8243; _module_preset=\u00bbdefault\u00bb custom_padding=\u00bb||0px|||\u00bb global_colors_info=\u00bb{}\u00bb][et_pb_column type=\u00bb4_4&#8243; _builder_version=\u00bb4.16&#8243; _module_preset=\u00bbdefault\u00bb global_colors_info=\u00bb{}\u00bb][et_pb_divider _builder_version=\u00bb4.16&#8243; _module_preset=\u00bbdefault\u00bb global_colors_info=\u00bb{}\u00bb][\/et_pb_divider][\/et_pb_column][\/et_pb_row][\/et_pb_section][et_pb_section fb_built=\u00bb1&#8243; _builder_version=\u00bb4.16&#8243; _module_preset=\u00bbdefault\u00bb custom_padding=\u00bb3px||3px||true|\u00bb global_colors_info=\u00bb{}\u00bb][et_pb_row _builder_version=\u00bb4.16&#8243; _module_preset=\u00bbdefault\u00bb custom_margin=\u00bb|auto|-2px|auto||\u00bb custom_padding=\u00bb||37px|||\u00bb global_colors_info=\u00bb{}\u00bb][et_pb_column type=\u00bb4_4&#8243; _builder_version=\u00bb4.16&#8243; _module_preset=\u00bbdefault\u00bb global_colors_info=\u00bb{}\u00bb][et_pb_text _builder_version=\u00bb4.17.4&#8243; _module_preset=\u00bbdefault\u00bb header_text_align=\u00bbcenter\u00bb hover_enabled=\u00bb0&#8243; global_colors_info=\u00bb{}\u00bb sticky_enabled=\u00bb0&#8243;]<\/p>\n<h2 style=\"text-align: center; font-size: 30px;\">JORNADA: MAPA DE DEMANDA TEMPRANA VAL\u00c8NCIA 2030<\/h2>\n<p>[\/et_pb_text][\/et_pb_column][\/et_pb_row][et_pb_row _builder_version=\u00bb4.16&#8243; _module_preset=\u00bbdefault\u00bb custom_padding=\u00bb25px||67px|||\u00bb global_colors_info=\u00bb{}\u00bb][et_pb_column type=\u00bb4_4&#8243; _builder_version=\u00bb4.16&#8243; _module_preset=\u00bbdefault\u00bb global_colors_info=\u00bb{}\u00bb][et_pb_video src=\u00bbhttps:\/\/www.youtube.com\/watch?v=6Q5GmS1fE_E\u00bb _builder_version=\u00bb4.16&#8243; _module_preset=\u00bbdefault\u00bb global_colors_info=\u00bb{}\u00bb][\/et_pb_video][\/et_pb_column][\/et_pb_row][\/et_pb_section]<\/p>\n","protected":false},"excerpt":{"rendered":"<p>Mapa de Demanda Temprana Val\u00e8ncia 2030 Los retos de ciudad para una\u00a0d\u00e9cada para su resoluci\u00f3n mediante la Compra P\u00fablica de Innovaci\u00f3n (CPI)Uno de los inputs principales para desarrollar un correcto proceso de CPI se liga a ser capaz de identificar correctamente cu\u00e1les son las necesidades que el agente promotor de la CPI posee que podr\u00edan [&hellip;]<\/p>\n","protected":false},"author":1,"featured_media":0,"parent":0,"menu_order":0,"comment_status":"closed","ping_status":"closed","template":"","meta":{"_et_pb_use_builder":"on","_et_pb_old_content":"","_et_gb_content_width":"","inline_featured_image":false},"yoast_head":"<!-- This site is optimized with the Yoast SEO plugin v19.3 - https:\/\/yoast.com\/wordpress\/plugins\/seo\/ -->\n<title>MAPA DE DEMANDA TEMPRANA VAL\u00c8NCIA 2030 - CPI Val&egrave;ncia<\/title>\n<meta name=\"robots\" content=\"index, follow, max-snippet:-1, max-image-preview:large, max-video-preview:-1\" \/>\n<link rel=\"canonical\" href=\"https:\/\/www.missionsvalencia.eu\/cpivalencia\/mapa-demanda-temprana-valencia-2030\/\" \/>\n<meta property=\"og:locale\" content=\"es_ES\" \/>\n<meta property=\"og:type\" content=\"article\" \/>\n<meta property=\"og:title\" content=\"MAPA DE DEMANDA TEMPRANA VAL\u00c8NCIA 2030 - CPI Val&egrave;ncia\" \/>\n<meta property=\"og:description\" content=\"Mapa de Demanda Temprana Val\u00e8ncia 2030 Los retos de ciudad para una\u00a0d\u00e9cada para su resoluci\u00f3n mediante la Compra P\u00fablica de Innovaci\u00f3n (CPI)Uno de los inputs principales para desarrollar un correcto proceso de CPI se liga a ser capaz de identificar correctamente cu\u00e1les son las necesidades que el agente promotor de la CPI posee que podr\u00edan [&hellip;]\" \/>\n<meta property=\"og:url\" content=\"https:\/\/www.missionsvalencia.eu\/cpivalencia\/mapa-demanda-temprana-valencia-2030\/\" \/>\n<meta property=\"og:site_name\" content=\"CPI Val&egrave;ncia\" \/>\n<meta property=\"article:publisher\" content=\"https:\/\/www.facebook.com\/LasNavesINN\" \/>\n<meta property=\"article:modified_time\" content=\"2023-02-06T11:28:12+00:00\" \/>\n<meta property=\"og:image\" content=\"https:\/\/www.missionsvalencia.eu\/cpivalencia\/wp-content\/uploads\/2021\/08\/CPI_vlc_logo_color.png\" \/>\n\t<meta property=\"og:image:width\" content=\"842\" \/>\n\t<meta property=\"og:image:height\" content=\"596\" \/>\n\t<meta property=\"og:image:type\" content=\"image\/png\" \/>\n<meta name=\"twitter:card\" content=\"summary_large_image\" \/>\n<meta name=\"twitter:site\" content=\"@lasnavesINN\" \/>\n<meta name=\"twitter:label1\" content=\"Tiempo de lectura\" \/>\n\t<meta name=\"twitter:data1\" content=\"3 minutos\" \/>\n<script type=\"application\/ld+json\" class=\"yoast-schema-graph\">{\"@context\":\"https:\/\/schema.org\",\"@graph\":[{\"@type\":\"Organization\",\"@id\":\"https:\/\/www.missionsvalencia.eu\/cpivalencia\/#organization\",\"name\":\"COMPRA P\u00daBLICA DE INNOVACI\u00d3N - CPI Val\u00e8ncia\",\"url\":\"https:\/\/www.missionsvalencia.eu\/cpivalencia\/\",\"sameAs\":[\"https:\/\/www.instagram.com\/LASNAVES\/\",\"https:\/\/www.facebook.com\/LasNavesINN\",\"https:\/\/twitter.com\/lasnavesINN\"],\"logo\":{\"@type\":\"ImageObject\",\"inLanguage\":\"es\",\"@id\":\"https:\/\/www.missionsvalencia.eu\/cpivalencia\/#\/schema\/logo\/image\/\",\"url\":\"https:\/\/www.missionsvalencia.eu\/cpivalencia\/wp-content\/uploads\/2021\/07\/CPI_vlc_logo_color.png\",\"contentUrl\":\"https:\/\/www.missionsvalencia.eu\/cpivalencia\/wp-content\/uploads\/2021\/07\/CPI_vlc_logo_color.png\",\"width\":842,\"height\":596,\"caption\":\"COMPRA P\u00daBLICA DE INNOVACI\u00d3N - CPI Val\u00e8ncia\"},\"image\":{\"@id\":\"https:\/\/www.missionsvalencia.eu\/cpivalencia\/#\/schema\/logo\/image\/\"}},{\"@type\":\"WebSite\",\"@id\":\"https:\/\/www.missionsvalencia.eu\/cpivalencia\/#website\",\"url\":\"https:\/\/www.missionsvalencia.eu\/cpivalencia\/\",\"name\":\"CPI Val&egrave;ncia\",\"description\":\"Compra P&uacute;blica de Innovaci&oacute;n dirigida a Val&egrave;ncia, una herramienta de innovaci&oacute;n.\",\"publisher\":{\"@id\":\"https:\/\/www.missionsvalencia.eu\/cpivalencia\/#organization\"},\"potentialAction\":[{\"@type\":\"SearchAction\",\"target\":{\"@type\":\"EntryPoint\",\"urlTemplate\":\"https:\/\/www.missionsvalencia.eu\/cpivalencia\/?s={search_term_string}\"},\"query-input\":\"required name=search_term_string\"}],\"inLanguage\":\"es\"},{\"@type\":\"WebPage\",\"@id\":\"https:\/\/www.missionsvalencia.eu\/cpivalencia\/mapa-demanda-temprana-valencia-2030\/\",\"url\":\"https:\/\/www.missionsvalencia.eu\/cpivalencia\/mapa-demanda-temprana-valencia-2030\/\",\"name\":\"MAPA DE DEMANDA TEMPRANA VAL\u00c8NCIA 2030 - CPI Val&egrave;ncia\",\"isPartOf\":{\"@id\":\"https:\/\/www.missionsvalencia.eu\/cpivalencia\/#website\"},\"datePublished\":\"2021-07-06T12:24:26+00:00\",\"dateModified\":\"2023-02-06T11:28:12+00:00\",\"breadcrumb\":{\"@id\":\"https:\/\/www.missionsvalencia.eu\/cpivalencia\/mapa-demanda-temprana-valencia-2030\/#breadcrumb\"},\"inLanguage\":\"es\",\"potentialAction\":[{\"@type\":\"ReadAction\",\"target\":[\"https:\/\/www.missionsvalencia.eu\/cpivalencia\/mapa-demanda-temprana-valencia-2030\/\"]}]},{\"@type\":\"BreadcrumbList\",\"@id\":\"https:\/\/www.missionsvalencia.eu\/cpivalencia\/mapa-demanda-temprana-valencia-2030\/#breadcrumb\",\"itemListElement\":[{\"@type\":\"ListItem\",\"position\":1,\"name\":\"Portada\",\"item\":\"https:\/\/www.missionsvalencia.eu\/cpivalencia\/\"},{\"@type\":\"ListItem\",\"position\":2,\"name\":\"MAPA DE DEMANDA TEMPRANA VAL\u00c8NCIA 2030\"}]}]}<\/script>\n<!-- \/ Yoast SEO plugin. -->","yoast_head_json":{"title":"MAPA DE DEMANDA TEMPRANA VAL\u00c8NCIA 2030 - CPI Val&egrave;ncia","robots":{"index":"index","follow":"follow","max-snippet":"max-snippet:-1","max-image-preview":"max-image-preview:large","max-video-preview":"max-video-preview:-1"},"canonical":"https:\/\/www.missionsvalencia.eu\/cpivalencia\/mapa-demanda-temprana-valencia-2030\/","og_locale":"es_ES","og_type":"article","og_title":"MAPA DE DEMANDA TEMPRANA VAL\u00c8NCIA 2030 - CPI Val&egrave;ncia","og_description":"Mapa de Demanda Temprana Val\u00e8ncia 2030 Los retos de ciudad para una\u00a0d\u00e9cada para su resoluci\u00f3n mediante la Compra P\u00fablica de Innovaci\u00f3n (CPI)Uno de los inputs principales para desarrollar un correcto proceso de CPI se liga a ser capaz de identificar correctamente cu\u00e1les son las necesidades que el agente promotor de la CPI posee que podr\u00edan [&hellip;]","og_url":"https:\/\/www.missionsvalencia.eu\/cpivalencia\/mapa-demanda-temprana-valencia-2030\/","og_site_name":"CPI Val&egrave;ncia","article_publisher":"https:\/\/www.facebook.com\/LasNavesINN","article_modified_time":"2023-02-06T11:28:12+00:00","og_image":[{"width":842,"height":596,"url":"https:\/\/www.missionsvalencia.eu\/cpivalencia\/wp-content\/uploads\/2021\/08\/CPI_vlc_logo_color.png","type":"image\/png"}],"twitter_card":"summary_large_image","twitter_site":"@lasnavesINN","twitter_misc":{"Tiempo de lectura":"3 minutos"},"schema":{"@context":"https:\/\/schema.org","@graph":[{"@type":"Organization","@id":"https:\/\/www.missionsvalencia.eu\/cpivalencia\/#organization","name":"COMPRA P\u00daBLICA DE INNOVACI\u00d3N - CPI Val\u00e8ncia","url":"https:\/\/www.missionsvalencia.eu\/cpivalencia\/","sameAs":["https:\/\/www.instagram.com\/LASNAVES\/","https:\/\/www.facebook.com\/LasNavesINN","https:\/\/twitter.com\/lasnavesINN"],"logo":{"@type":"ImageObject","inLanguage":"es","@id":"https:\/\/www.missionsvalencia.eu\/cpivalencia\/#\/schema\/logo\/image\/","url":"https:\/\/www.missionsvalencia.eu\/cpivalencia\/wp-content\/uploads\/2021\/07\/CPI_vlc_logo_color.png","contentUrl":"https:\/\/www.missionsvalencia.eu\/cpivalencia\/wp-content\/uploads\/2021\/07\/CPI_vlc_logo_color.png","width":842,"height":596,"caption":"COMPRA P\u00daBLICA DE INNOVACI\u00d3N - CPI Val\u00e8ncia"},"image":{"@id":"https:\/\/www.missionsvalencia.eu\/cpivalencia\/#\/schema\/logo\/image\/"}},{"@type":"WebSite","@id":"https:\/\/www.missionsvalencia.eu\/cpivalencia\/#website","url":"https:\/\/www.missionsvalencia.eu\/cpivalencia\/","name":"CPI Val&egrave;ncia","description":"Compra P&uacute;blica de Innovaci&oacute;n dirigida a Val&egrave;ncia, una herramienta de innovaci&oacute;n.","publisher":{"@id":"https:\/\/www.missionsvalencia.eu\/cpivalencia\/#organization"},"potentialAction":[{"@type":"SearchAction","target":{"@type":"EntryPoint","urlTemplate":"https:\/\/www.missionsvalencia.eu\/cpivalencia\/?s={search_term_string}"},"query-input":"required name=search_term_string"}],"inLanguage":"es"},{"@type":"WebPage","@id":"https:\/\/www.missionsvalencia.eu\/cpivalencia\/mapa-demanda-temprana-valencia-2030\/","url":"https:\/\/www.missionsvalencia.eu\/cpivalencia\/mapa-demanda-temprana-valencia-2030\/","name":"MAPA DE DEMANDA TEMPRANA VAL\u00c8NCIA 2030 - CPI Val&egrave;ncia","isPartOf":{"@id":"https:\/\/www.missionsvalencia.eu\/cpivalencia\/#website"},"datePublished":"2021-07-06T12:24:26+00:00","dateModified":"2023-02-06T11:28:12+00:00","breadcrumb":{"@id":"https:\/\/www.missionsvalencia.eu\/cpivalencia\/mapa-demanda-temprana-valencia-2030\/#breadcrumb"},"inLanguage":"es","potentialAction":[{"@type":"ReadAction","target":["https:\/\/www.missionsvalencia.eu\/cpivalencia\/mapa-demanda-temprana-valencia-2030\/"]}]},{"@type":"BreadcrumbList","@id":"https:\/\/www.missionsvalencia.eu\/cpivalencia\/mapa-demanda-temprana-valencia-2030\/#breadcrumb","itemListElement":[{"@type":"ListItem","position":1,"name":"Portada","item":"https:\/\/www.missionsvalencia.eu\/cpivalencia\/"},{"@type":"ListItem","position":2,"name":"MAPA DE DEMANDA TEMPRANA VAL\u00c8NCIA 2030"}]}]}},"_links":{"self":[{"href":"https:\/\/www.missionsvalencia.eu\/cpivalencia\/wp-json\/wp\/v2\/pages\/1564"}],"collection":[{"href":"https:\/\/www.missionsvalencia.eu\/cpivalencia\/wp-json\/wp\/v2\/pages"}],"about":[{"href":"https:\/\/www.missionsvalencia.eu\/cpivalencia\/wp-json\/wp\/v2\/types\/page"}],"author":[{"embeddable":true,"href":"https:\/\/www.missionsvalencia.eu\/cpivalencia\/wp-json\/wp\/v2\/users\/1"}],"replies":[{"embeddable":true,"href":"https:\/\/www.missionsvalencia.eu\/cpivalencia\/wp-json\/wp\/v2\/comments?post=1564"}],"version-history":[{"count":19,"href":"https:\/\/www.missionsvalencia.eu\/cpivalencia\/wp-json\/wp\/v2\/pages\/1564\/revisions"}],"predecessor-version":[{"id":2656,"href":"https:\/\/www.missionsvalencia.eu\/cpivalencia\/wp-json\/wp\/v2\/pages\/1564\/revisions\/2656"}],"wp:attachment":[{"href":"https:\/\/www.missionsvalencia.eu\/cpivalencia\/wp-json\/wp\/v2\/media?parent=1564"}],"curies":[{"name":"wp","href":"https:\/\/api.w.org\/{rel}","templated":true}]}}