{"id":1546,"date":"2021-07-06T10:39:25","date_gmt":"2021-07-06T10:39:25","guid":{"rendered":"https:\/\/www.missionsvalencia.eu\/cpivalencia\/?page_id=1546"},"modified":"2021-08-10T12:41:23","modified_gmt":"2021-08-10T12:41:23","slug":"fase-1-equipo-cpi","status":"publish","type":"page","link":"https:\/\/www.missionsvalencia.eu\/cpivalencia\/fase-1-equipo-cpi\/","title":{"rendered":"FASE 1: EQUIPO CPI"},"content":{"rendered":"[et_pb_section fb_built=\u00bb1&#8243; admin_label=\u00bbsection\u00bb _builder_version=\u00bb3.22&#8243; custom_padding=\u00bb31px||31px||true|\u00bb][et_pb_row column_structure=\u00bb1_2,1_2&#8243; admin_label=\u00bbrow\u00bb _builder_version=\u00bb3.25&#8243; background_size=\u00bbinitial\u00bb background_position=\u00bbtop_left\u00bb background_repeat=\u00bbrepeat\u00bb][et_pb_column type=\u00bb1_2&#8243; _builder_version=\u00bb4.5.7&#8243; _module_preset=\u00bbdefault\u00bb][et_pb_text _builder_version=\u00bb4.5.7&#8243; _module_preset=\u00bbdefault\u00bb]<h1>FASE 1: EQUIPO CPI<\/h1>[\/et_pb_text][et_pb_text admin_label=\u00bbText\u00bb _builder_version=\u00bb4.5.7&#8243; background_size=\u00bbinitial\u00bb background_position=\u00bbtop_left\u00bb background_repeat=\u00bbrepeat\u00bb hover_enabled=\u00bb0&#8243; text_font=\u00bb|300|||||||\u00bb]<p><\/p>\n<h4 style=\"text-align: justify;\">Objetivos espec\u00edficos de esta fase de trabajo<\/h4>\n<p style=\"text-align: justify;\"><\/p>\n<p style=\"text-align: justify;\"><\/p>\n<p style=\"text-align: justify;\">Consolidar un EQUIPO CPI a nivel municipal como una estructura estable que\u00a0 facilite la detecci\u00f3n de ideas o necesidades de innovaci\u00f3n dentro de la organizaci\u00f3n, siendo el \u00f3rgano interno del Ayuntamiento encargado de evaluar la posibilidad de lanzar procesos de CPI para la adquisici\u00f3n de soluciones y activos que involucre, en la medida de lo posible, a empresarios locales y otras entidades regionales.<\/p>\n<h4 style=\"text-align: justify;\">Resultados<\/h4>\n<div class=\"wp-block-group\">\n<div class=\"wp-block-group__inner-container\">\n<p style=\"text-align: justify;\"><\/p>\n<ul>\n<li style=\"text-align: justify;\"><strong>Organigrama y Gobernanza del Equipo CPI <\/strong>\n<ul>\n<li><strong>Equipo de Direcci\u00f3n Estrat\u00e9gica<\/strong><\/li>\n<li><strong>Equipo de Direcci\u00f3n Operativa<\/strong><\/li>\n<li><strong>Key Users<\/strong><\/li>\n<\/ul>\n<\/li>\n<\/ul>\n<p><strong><a href=\"https:\/\/www.missionsvalencia.eu\/cpivalencia\/wp-content\/uploads\/2021\/07\/CertificadoJGLequipoCPI.pdf.pdf\" rel=\"attachment wp-att-1680 noopener noreferrer\" target=\"_blank\">Documento de constituci\u00f3n del Equipo CPI VLC por la Junta de Gobierno Local<\/a><\/strong><\/p>\n<ul>\n<li style=\"text-align: justify;\"><strong>Plan de Trabajo (pr\u00f3ximamente)<\/strong><\/li>\n<\/ul>\n<p><\/p>\n<\/div>\n<\/div>\n<p><\/p>[\/et_pb_text][\/et_pb_column][et_pb_column type=\u00bb1_2&#8243; _builder_version=\u00bb4.5.7&#8243; _module_preset=\u00bbdefault\u00bb][et_pb_image src=\u00bbhttps:\/\/www.missionsvalencia.eu\/cpivalencia\/wp-content\/uploads\/2021\/07\/krakenimages-Y5bvRlcCx8k-unsplash.jpg\u00bb title_text=\u00bbkrakenimages-Y5bvRlcCx8k-unsplash\u00bb _builder_version=\u00bb4.5.7&#8243; _module_preset=\u00bbdefault\u00bb][\/et_pb_image][\/et_pb_column][\/et_pb_row][\/et_pb_section]","protected":false},"excerpt":{"rendered":"<p>FASE 1: EQUIPO CPI Objetivos espec\u00edficos de esta fase de trabajo Consolidar un EQUIPO CPI a nivel municipal como una estructura estable que\u00a0 facilite la detecci\u00f3n de ideas o necesidades de innovaci\u00f3n dentro de la organizaci\u00f3n, siendo el \u00f3rgano interno del Ayuntamiento encargado de evaluar la posibilidad de lanzar procesos de CPI para la adquisici\u00f3n [&hellip;]<\/p>\n","protected":false},"author":1,"featured_media":0,"parent":0,"menu_order":0,"comment_status":"closed","ping_status":"closed","template":"","meta":{"_et_pb_use_builder":"on","_et_pb_old_content":"<!-- wp:heading {\"level\":4} -->\n<h4>Objetivos espec\u00edficos de esta fase de trabajo<\/h4>\n<!-- \/wp:heading -->\n\n<!-- wp:paragraph -->\n<p>Consolidar un EQUIPO CPI a nivel municipal como una estructura estable que&nbsp; facilite la detecci\u00f3n de ideas o necesidades de innovaci\u00f3n dentro de la organizaci\u00f3n, siendo el \u00f3rgano interno del Ayuntamiento encargado de evaluar la posibilidad de lanzar procesos de CPI para la adquisici\u00f3n de soluciones y activos que involucre, en la medida de lo posible, a empresarios locales y otras entidades regionales.<\/p>\n<!-- \/wp:paragraph -->\n\n<!-- wp:heading {\"level\":4} -->\n<h4>Resultados<\/h4>\n<!-- \/wp:heading -->\n\n<!-- wp:group -->\n<div class=\"wp-block-group\"><div class=\"wp-block-group__inner-container\"><!-- wp:list -->\n<ul><li>Organigrama y Gobernanza del Equipo CPI:<ul><li>Equipo de Direcci\u00f3n Estrat\u00e9gica<\/li><li>Equipo de Direcci\u00f3n Operativa<\/li><li>Key Users<\/li><\/ul><\/li><li>Plan de Trabajo<\/li><\/ul>\n<!-- \/wp:list --><\/div><\/div>\n<!-- \/wp:group -->","_et_gb_content_width":"1174","inline_featured_image":false},"yoast_head":"<!-- This site is optimized with the Yoast SEO plugin v19.3 - https:\/\/yoast.com\/wordpress\/plugins\/seo\/ -->\n<title>FASE 1: EQUIPO CPI - CPI Val&egrave;ncia<\/title>\n<meta name=\"robots\" content=\"index, follow, max-snippet:-1, max-image-preview:large, max-video-preview:-1\" \/>\n<link rel=\"canonical\" href=\"https:\/\/www.missionsvalencia.eu\/cpivalencia\/fase-1-equipo-cpi\/\" \/>\n<meta property=\"og:locale\" content=\"es_ES\" \/>\n<meta property=\"og:type\" content=\"article\" \/>\n<meta property=\"og:title\" content=\"FASE 1: EQUIPO CPI - CPI Val&egrave;ncia\" \/>\n<meta property=\"og:description\" content=\"FASE 1: EQUIPO CPI Objetivos espec\u00edficos de esta fase de trabajo Consolidar un EQUIPO CPI a nivel municipal como una estructura estable que\u00a0 facilite la detecci\u00f3n de ideas o necesidades de innovaci\u00f3n dentro de la organizaci\u00f3n, siendo el \u00f3rgano interno del Ayuntamiento encargado de evaluar la posibilidad de lanzar procesos de CPI para la adquisici\u00f3n [&hellip;]\" \/>\n<meta property=\"og:url\" content=\"https:\/\/www.missionsvalencia.eu\/cpivalencia\/fase-1-equipo-cpi\/\" \/>\n<meta property=\"og:site_name\" content=\"CPI Val&egrave;ncia\" \/>\n<meta property=\"article:publisher\" content=\"https:\/\/www.facebook.com\/LasNavesINN\" \/>\n<meta property=\"article:modified_time\" content=\"2021-08-10T12:41:23+00:00\" \/>\n<meta property=\"og:image\" content=\"https:\/\/www.missionsvalencia.eu\/cpivalencia\/wp-content\/uploads\/2021\/08\/CPI_vlc_logo_color.png\" \/>\n\t<meta property=\"og:image:width\" content=\"842\" \/>\n\t<meta property=\"og:image:height\" content=\"596\" \/>\n\t<meta property=\"og:image:type\" content=\"image\/png\" \/>\n<meta name=\"twitter:card\" content=\"summary_large_image\" \/>\n<meta name=\"twitter:site\" content=\"@lasnavesINN\" \/>\n<meta name=\"twitter:label1\" content=\"Tiempo de lectura\" \/>\n\t<meta name=\"twitter:data1\" content=\"1 minuto\" \/>\n<script type=\"application\/ld+json\" class=\"yoast-schema-graph\">{\"@context\":\"https:\/\/schema.org\",\"@graph\":[{\"@type\":\"Organization\",\"@id\":\"https:\/\/www.missionsvalencia.eu\/cpivalencia\/#organization\",\"name\":\"COMPRA P\u00daBLICA DE INNOVACI\u00d3N - CPI Val\u00e8ncia\",\"url\":\"https:\/\/www.missionsvalencia.eu\/cpivalencia\/\",\"sameAs\":[\"https:\/\/www.instagram.com\/LASNAVES\/\",\"https:\/\/www.facebook.com\/LasNavesINN\",\"https:\/\/twitter.com\/lasnavesINN\"],\"logo\":{\"@type\":\"ImageObject\",\"inLanguage\":\"es\",\"@id\":\"https:\/\/www.missionsvalencia.eu\/cpivalencia\/#\/schema\/logo\/image\/\",\"url\":\"https:\/\/www.missionsvalencia.eu\/cpivalencia\/wp-content\/uploads\/2021\/07\/CPI_vlc_logo_color.png\",\"contentUrl\":\"https:\/\/www.missionsvalencia.eu\/cpivalencia\/wp-content\/uploads\/2021\/07\/CPI_vlc_logo_color.png\",\"width\":842,\"height\":596,\"caption\":\"COMPRA P\u00daBLICA DE INNOVACI\u00d3N - CPI Val\u00e8ncia\"},\"image\":{\"@id\":\"https:\/\/www.missionsvalencia.eu\/cpivalencia\/#\/schema\/logo\/image\/\"}},{\"@type\":\"WebSite\",\"@id\":\"https:\/\/www.missionsvalencia.eu\/cpivalencia\/#website\",\"url\":\"https:\/\/www.missionsvalencia.eu\/cpivalencia\/\",\"name\":\"CPI Val&egrave;ncia\",\"description\":\"Compra P&uacute;blica de Innovaci&oacute;n dirigida a Val&egrave;ncia, una herramienta de innovaci&oacute;n.\",\"publisher\":{\"@id\":\"https:\/\/www.missionsvalencia.eu\/cpivalencia\/#organization\"},\"potentialAction\":[{\"@type\":\"SearchAction\",\"target\":{\"@type\":\"EntryPoint\",\"urlTemplate\":\"https:\/\/www.missionsvalencia.eu\/cpivalencia\/?s={search_term_string}\"},\"query-input\":\"required name=search_term_string\"}],\"inLanguage\":\"es\"},{\"@type\":\"WebPage\",\"@id\":\"https:\/\/www.missionsvalencia.eu\/cpivalencia\/fase-1-equipo-cpi\/\",\"url\":\"https:\/\/www.missionsvalencia.eu\/cpivalencia\/fase-1-equipo-cpi\/\",\"name\":\"FASE 1: EQUIPO CPI - CPI Val&egrave;ncia\",\"isPartOf\":{\"@id\":\"https:\/\/www.missionsvalencia.eu\/cpivalencia\/#website\"},\"datePublished\":\"2021-07-06T10:39:25+00:00\",\"dateModified\":\"2021-08-10T12:41:23+00:00\",\"breadcrumb\":{\"@id\":\"https:\/\/www.missionsvalencia.eu\/cpivalencia\/fase-1-equipo-cpi\/#breadcrumb\"},\"inLanguage\":\"es\",\"potentialAction\":[{\"@type\":\"ReadAction\",\"target\":[\"https:\/\/www.missionsvalencia.eu\/cpivalencia\/fase-1-equipo-cpi\/\"]}]},{\"@type\":\"BreadcrumbList\",\"@id\":\"https:\/\/www.missionsvalencia.eu\/cpivalencia\/fase-1-equipo-cpi\/#breadcrumb\",\"itemListElement\":[{\"@type\":\"ListItem\",\"position\":1,\"name\":\"Portada\",\"item\":\"https:\/\/www.missionsvalencia.eu\/cpivalencia\/\"},{\"@type\":\"ListItem\",\"position\":2,\"name\":\"FASE 1: EQUIPO CPI\"}]}]}<\/script>\n<!-- \/ Yoast SEO plugin. -->","yoast_head_json":{"title":"FASE 1: EQUIPO CPI - CPI Val&egrave;ncia","robots":{"index":"index","follow":"follow","max-snippet":"max-snippet:-1","max-image-preview":"max-image-preview:large","max-video-preview":"max-video-preview:-1"},"canonical":"https:\/\/www.missionsvalencia.eu\/cpivalencia\/fase-1-equipo-cpi\/","og_locale":"es_ES","og_type":"article","og_title":"FASE 1: EQUIPO CPI - CPI Val&egrave;ncia","og_description":"FASE 1: EQUIPO CPI Objetivos espec\u00edficos de esta fase de trabajo Consolidar un EQUIPO CPI a nivel municipal como una estructura estable que\u00a0 facilite la detecci\u00f3n de ideas o necesidades de innovaci\u00f3n dentro de la organizaci\u00f3n, siendo el \u00f3rgano interno del Ayuntamiento encargado de evaluar la posibilidad de lanzar procesos de CPI para la adquisici\u00f3n [&hellip;]","og_url":"https:\/\/www.missionsvalencia.eu\/cpivalencia\/fase-1-equipo-cpi\/","og_site_name":"CPI Val&egrave;ncia","article_publisher":"https:\/\/www.facebook.com\/LasNavesINN","article_modified_time":"2021-08-10T12:41:23+00:00","og_image":[{"width":842,"height":596,"url":"https:\/\/www.missionsvalencia.eu\/cpivalencia\/wp-content\/uploads\/2021\/08\/CPI_vlc_logo_color.png","type":"image\/png"}],"twitter_card":"summary_large_image","twitter_site":"@lasnavesINN","twitter_misc":{"Tiempo de lectura":"1 minuto"},"schema":{"@context":"https:\/\/schema.org","@graph":[{"@type":"Organization","@id":"https:\/\/www.missionsvalencia.eu\/cpivalencia\/#organization","name":"COMPRA P\u00daBLICA DE INNOVACI\u00d3N - CPI Val\u00e8ncia","url":"https:\/\/www.missionsvalencia.eu\/cpivalencia\/","sameAs":["https:\/\/www.instagram.com\/LASNAVES\/","https:\/\/www.facebook.com\/LasNavesINN","https:\/\/twitter.com\/lasnavesINN"],"logo":{"@type":"ImageObject","inLanguage":"es","@id":"https:\/\/www.missionsvalencia.eu\/cpivalencia\/#\/schema\/logo\/image\/","url":"https:\/\/www.missionsvalencia.eu\/cpivalencia\/wp-content\/uploads\/2021\/07\/CPI_vlc_logo_color.png","contentUrl":"https:\/\/www.missionsvalencia.eu\/cpivalencia\/wp-content\/uploads\/2021\/07\/CPI_vlc_logo_color.png","width":842,"height":596,"caption":"COMPRA P\u00daBLICA DE INNOVACI\u00d3N - CPI Val\u00e8ncia"},"image":{"@id":"https:\/\/www.missionsvalencia.eu\/cpivalencia\/#\/schema\/logo\/image\/"}},{"@type":"WebSite","@id":"https:\/\/www.missionsvalencia.eu\/cpivalencia\/#website","url":"https:\/\/www.missionsvalencia.eu\/cpivalencia\/","name":"CPI Val&egrave;ncia","description":"Compra P&uacute;blica de Innovaci&oacute;n dirigida a Val&egrave;ncia, una herramienta de innovaci&oacute;n.","publisher":{"@id":"https:\/\/www.missionsvalencia.eu\/cpivalencia\/#organization"},"potentialAction":[{"@type":"SearchAction","target":{"@type":"EntryPoint","urlTemplate":"https:\/\/www.missionsvalencia.eu\/cpivalencia\/?s={search_term_string}"},"query-input":"required name=search_term_string"}],"inLanguage":"es"},{"@type":"WebPage","@id":"https:\/\/www.missionsvalencia.eu\/cpivalencia\/fase-1-equipo-cpi\/","url":"https:\/\/www.missionsvalencia.eu\/cpivalencia\/fase-1-equipo-cpi\/","name":"FASE 1: EQUIPO CPI - CPI Val&egrave;ncia","isPartOf":{"@id":"https:\/\/www.missionsvalencia.eu\/cpivalencia\/#website"},"datePublished":"2021-07-06T10:39:25+00:00","dateModified":"2021-08-10T12:41:23+00:00","breadcrumb":{"@id":"https:\/\/www.missionsvalencia.eu\/cpivalencia\/fase-1-equipo-cpi\/#breadcrumb"},"inLanguage":"es","potentialAction":[{"@type":"ReadAction","target":["https:\/\/www.missionsvalencia.eu\/cpivalencia\/fase-1-equipo-cpi\/"]}]},{"@type":"BreadcrumbList","@id":"https:\/\/www.missionsvalencia.eu\/cpivalencia\/fase-1-equipo-cpi\/#breadcrumb","itemListElement":[{"@type":"ListItem","position":1,"name":"Portada","item":"https:\/\/www.missionsvalencia.eu\/cpivalencia\/"},{"@type":"ListItem","position":2,"name":"FASE 1: EQUIPO CPI"}]}]}},"_links":{"self":[{"href":"https:\/\/www.missionsvalencia.eu\/cpivalencia\/wp-json\/wp\/v2\/pages\/1546"}],"collection":[{"href":"https:\/\/www.missionsvalencia.eu\/cpivalencia\/wp-json\/wp\/v2\/pages"}],"about":[{"href":"https:\/\/www.missionsvalencia.eu\/cpivalencia\/wp-json\/wp\/v2\/types\/page"}],"author":[{"embeddable":true,"href":"https:\/\/www.missionsvalencia.eu\/cpivalencia\/wp-json\/wp\/v2\/users\/1"}],"replies":[{"embeddable":true,"href":"https:\/\/www.missionsvalencia.eu\/cpivalencia\/wp-json\/wp\/v2\/comments?post=1546"}],"version-history":[{"count":11,"href":"https:\/\/www.missionsvalencia.eu\/cpivalencia\/wp-json\/wp\/v2\/pages\/1546\/revisions"}],"predecessor-version":[{"id":1811,"href":"https:\/\/www.missionsvalencia.eu\/cpivalencia\/wp-json\/wp\/v2\/pages\/1546\/revisions\/1811"}],"wp:attachment":[{"href":"https:\/\/www.missionsvalencia.eu\/cpivalencia\/wp-json\/wp\/v2\/media?parent=1546"}],"curies":[{"name":"wp","href":"https:\/\/api.w.org\/{rel}","templated":true}]}}