{"id":1246,"date":"2021-02-23T11:00:06","date_gmt":"2021-02-23T11:00:06","guid":{"rendered":"https:\/\/www.missionsvalencia.eu\/cpivalencia\/?page_id=1246"},"modified":"2022-04-04T10:02:47","modified_gmt":"2022-04-04T10:02:47","slug":"observatorio-cpi-valencia","status":"publish","type":"page","link":"https:\/\/www.missionsvalencia.eu\/cpivalencia\/observatorio-cpi-valencia\/","title":{"rendered":"Observatorio CPI Val\u00e8ncia"},"content":{"rendered":"<p>[et_pb_section fb_built=\u00bb1&#8243; _builder_version=\u00bb4.5.7&#8243; _module_preset=\u00bbdefault\u00bb background_color=\u00bb#f2f2f2&#8243; custom_margin=\u00bb||-8px|||\u00bb custom_padding=\u00bb46px||7px||false|\u00bb animation_style=\u00bbfade\u00bb animation_duration=\u00bb650ms\u00bb scroll_fade=\u00bb0|5|5|100|0|100|100&#8243;][et_pb_row column_structure=\u00bb3_5,2_5&#8243; _builder_version=\u00bb4.5.7&#8243; _module_preset=\u00bbdefault\u00bb background_color=\u00bb#f04650&#8243; custom_padding=\u00bb43px||43px||true|\u00bb][et_pb_column type=\u00bb3_5&#8243; _builder_version=\u00bb4.5.7&#8243; _module_preset=\u00bbdefault\u00bb][et_pb_text _builder_version=\u00bb4.5.7&#8243; _module_preset=\u00bbdefault\u00bb text_text_color=\u00bb#f2f2f2&#8243; custom_margin=\u00bb0px|30px||30px|false|false\u00bb]<\/p>\n<h2 style=\"text-align: justify;\"><span style=\"color: #f2f2f2;\">Innocasting de Missions Val\u00e8ncia 2030<\/span><\/h2>\n<p style=\"text-align: justify;\"><span style=\"color: #f2f2f2;\">\u00a0<\/span><\/p>\n<p style=\"text-align: justify;\">El Ajuntament de Val\u00e8ncia promueve soluciones a los problemas de la ciudad. Si tienes un proyecto innovador que solucione alguna de las necesidades de nuestra ciudad y que pueda ser adquirido por el Ayuntamiento, puedes presentar tu proyecto en las sesiones de Innocasting, un m\u00e9todo de escucha activa de proyectos que proponen soluciones a problemas concretos.<\/p>\n<p>[\/et_pb_text][\/et_pb_column][et_pb_column type=\u00bb2_5&#8243; _builder_version=\u00bb4.5.7&#8243; _module_preset=\u00bbdefault\u00bb][et_pb_image src=\u00bbhttps:\/\/www.missionsvalencia.eu\/cpivalencia\/wp-content\/uploads\/2021\/07\/joppe-spaa-oNizXtPXIHo-unsplash-scaled.jpg\u00bb title_text=\u00bbjoppe-spaa-oNizXtPXIHo-unsplash\u00bb _builder_version=\u00bb4.5.7&#8243; _module_preset=\u00bbdefault\u00bb custom_margin=\u00bb|30px|||false|false\u00bb][\/et_pb_image][\/et_pb_column][\/et_pb_row][et_pb_row column_structure=\u00bb2_5,3_5&#8243; _builder_version=\u00bb4.5.7&#8243; _module_preset=\u00bbdefault\u00bb background_color=\u00bb#3c6ee6&#8243; custom_margin=\u00bb22px|auto|22px|auto|true|\u00bb custom_padding=\u00bb55px|||||\u00bb hover_enabled=\u00bb0&#8243; module_id=\u00bbbanco-ideas-innovadoras\u00bb][et_pb_column type=\u00bb2_5&#8243; _builder_version=\u00bb4.5.7&#8243; _module_preset=\u00bbdefault\u00bb][et_pb_code _builder_version=\u00bb4.5.7&#8243; _module_preset=\u00bbdefault\u00bb]<\/p>\n<div class=\"typeform-widget\" data-url=\"https:\/\/form.typeform.com\/to\/xch04Uim?typeform-medium=embed-snippet\" style=\"width: 100%; height: 500px;\"><\/div>\n<p> <script> (function() { var qs,js,q,s,d=document, gi=d.getElementById, ce=d.createElement, gt=d.getElementsByTagName, id=\"typef_orm\", b=\"https:\/\/embed.typeform.com\/\"; if(!gi.call(d,id)) { js=ce.call(d,\"script\"); js.id=id; js.src=b+\"embed.js\"; q=gt.call(d,\"script\")[0]; q.parentNode.insertBefore(js,q) } })() <\/script>[\/et_pb_code][\/et_pb_column][et_pb_column type=\u00bb3_5&#8243; _builder_version=\u00bb4.5.7&#8243; _module_preset=\u00bbdefault\u00bb][et_pb_text _builder_version=\u00bb4.5.7&#8243; _module_preset=\u00bbdefault\u00bb text_text_color=\u00bb#f2f2f2&#8243; custom_margin=\u00bb|50px|||false|false\u00bb]<\/p>\n<h2 id=\"banco-de-ideas\" style=\"text-align: justify;\"><span style=\"color: #f2f2f2;\">Banco de ideas innovadoras\u00a0CPI Val\u00e8ncia<\/span><\/h2>\n<p><span style=\"color: #f2f2f2;\">\u00a0<\/span><\/p>\n<p>De manera adicional a las convocatorias de Innocasting Val\u00e8ncia, el Ajuntament est\u00e1 comprometido con el impulso de la innovaci\u00f3n por parte de todo el ecosistema innovador valenciano y, para ello, os invitamos a compartir vuestro proyecto de innovaci\u00f3n para su incorporaci\u00f3n al Proyecto CPI Val\u00e8ncia 2030.<\/p>\n<p>[\/et_pb_text][\/et_pb_column][\/et_pb_row][\/et_pb_section][et_pb_section fb_built=\u00bb1&#8243; _builder_version=\u00bb4.5.7&#8243; _module_preset=\u00bbdefault\u00bb background_color=\u00bb#f2f2f2&#8243; custom_margin=\u00bb-8px|||||\u00bb custom_padding=\u00bb0px||55px||false|\u00bb scroll_vertical_motion=\u00bb0|22|22|100|4|0|-4&#8243; scroll_fade_enable=\u00bbon\u00bb scroll_fade=\u00bb0|20|20|100|0|100|100&#8243;][et_pb_row _builder_version=\u00bb4.5.7&#8243; _module_preset=\u00bbdefault\u00bb background_color=\u00bb#0ab446&#8243; custom_padding=\u00bb32px||32px||true|\u00bb][et_pb_column type=\u00bb4_4&#8243; _builder_version=\u00bb4.5.7&#8243; _module_preset=\u00bbdefault\u00bb][et_pb_text _builder_version=\u00bb4.5.7&#8243; _module_preset=\u00bbdefault\u00bb text_text_color=\u00bb#f2f2f2&#8243; custom_margin=\u00bb|40px||40px|false|false\u00bb]<\/p>\n<h2 style=\"text-align: justify;\"><span style=\"color: #f2f2f2;\">Enlaces de inter\u00e9s y buenas pr\u00e1cticas en CPI<\/span><\/h2>\n<p style=\"text-align: justify;\"><span style=\"color: #f2f2f2;\"><\/span><\/p>\n<p>En este apartado se ir\u00e1n recogiendo progresivamente distintos enlaces de inter\u00e9s y buenas pr\u00e1cticas asociadas a los procesos de Compra P\u00fablica de Innovaci\u00f3n a nivel europeo y estatal. Entre todas ellas, se pondr\u00e1 especial \u00e9nfasis en las oportunidades de financiaci\u00f3n vinculadas a la CPI que se vayan identificando.<\/p>\n<p>&nbsp;<\/p>\n<ul>\n<li><a href=\"https:\/\/www.missionsvalencia.eu\/cpivalencia\/wp-content\/uploads\/2021\/07\/C_2021_4320_F1_OTHER_AUTONOMOUS_ACT_ES_V3_P1_1174477.pdf\" rel=\"attachment wp-att-1723 noopener noreferrer\" target=\"_blank\">Orientaciones sobre la contrataci\u00f3n p\u00fablica en materia de innovaci\u00f3n de la Comisi\u00f3n Europea<\/a><\/li>\n<li><a href=\"https:\/\/www.missionsvalencia.eu\/cpivalencia\/wp-content\/uploads\/2021\/07\/general-presentation-EUIPAwards-2021.pdf\" rel=\"attachment wp-att-1722 noopener noreferrer\" target=\"_blank\">European Innovation Procurement Awards 2021<\/a><\/li>\n<li><a href=\"https:\/\/www.cdti.es\/index.asp?MP=100&amp;MS=882&amp;MN=2&amp;TR=C&amp;IDR=3067\" target=\"_blank\" rel=\"noopener noreferrer\">Buz\u00f3n repositorio de ideas para Compras P\u00fablicas Precomerciales, CPPs<\/a><\/li>\n<li><a href=\"https:\/\/www.youtube.com\/watch?v=HLGh4BtVIHY\" target=\"_blank\" rel=\"noopener noreferrer\">Call for Proposals: Public Procurement of Innovation Development (SMP-COSME-2021-PPI) <\/a><\/li>\n<\/ul>\n<p>[\/et_pb_text][\/et_pb_column][\/et_pb_row][\/et_pb_section]<\/p>\n","protected":false},"excerpt":{"rendered":"<p>Innocasting de Missions Val\u00e8ncia 2030 \u00a0 El Ajuntament de Val\u00e8ncia promueve soluciones a los problemas de la ciudad. Si tienes un proyecto innovador que solucione alguna de las necesidades de nuestra ciudad y que pueda ser adquirido por el Ayuntamiento, puedes presentar tu proyecto en las sesiones de Innocasting, un m\u00e9todo de escucha activa de [&hellip;]<\/p>\n","protected":false},"author":1,"featured_media":0,"parent":0,"menu_order":0,"comment_status":"closed","ping_status":"closed","template":"","meta":{"_et_pb_use_builder":"on","_et_pb_old_content":"","_et_gb_content_width":"","inline_featured_image":false},"yoast_head":"<!-- This site is optimized with the Yoast SEO plugin v19.3 - https:\/\/yoast.com\/wordpress\/plugins\/seo\/ -->\n<title>Observatorio CPI Val\u00e8ncia - CPI Val&egrave;ncia<\/title>\n<meta name=\"robots\" content=\"index, follow, max-snippet:-1, max-image-preview:large, max-video-preview:-1\" \/>\n<link rel=\"canonical\" href=\"https:\/\/www.missionsvalencia.eu\/cpivalencia\/observatorio-cpi-valencia\/\" \/>\n<meta property=\"og:locale\" content=\"es_ES\" \/>\n<meta property=\"og:type\" content=\"article\" \/>\n<meta property=\"og:title\" content=\"Observatorio CPI Val\u00e8ncia - CPI Val&egrave;ncia\" \/>\n<meta property=\"og:description\" content=\"Innocasting de Missions Val\u00e8ncia 2030 \u00a0 El Ajuntament de Val\u00e8ncia promueve soluciones a los problemas de la ciudad. Si tienes un proyecto innovador que solucione alguna de las necesidades de nuestra ciudad y que pueda ser adquirido por el Ayuntamiento, puedes presentar tu proyecto en las sesiones de Innocasting, un m\u00e9todo de escucha activa de [&hellip;]\" \/>\n<meta property=\"og:url\" content=\"https:\/\/www.missionsvalencia.eu\/cpivalencia\/observatorio-cpi-valencia\/\" \/>\n<meta property=\"og:site_name\" content=\"CPI Val&egrave;ncia\" \/>\n<meta property=\"article:publisher\" content=\"https:\/\/www.facebook.com\/LasNavesINN\" \/>\n<meta property=\"article:modified_time\" content=\"2022-04-04T10:02:47+00:00\" \/>\n<meta property=\"og:image\" content=\"https:\/\/www.missionsvalencia.eu\/cpivalencia\/wp-content\/uploads\/2021\/08\/CPI_vlc_logo_color.png\" \/>\n\t<meta property=\"og:image:width\" content=\"842\" \/>\n\t<meta property=\"og:image:height\" content=\"596\" \/>\n\t<meta property=\"og:image:type\" content=\"image\/png\" \/>\n<meta name=\"twitter:card\" content=\"summary_large_image\" \/>\n<meta name=\"twitter:site\" content=\"@lasnavesINN\" \/>\n<script type=\"application\/ld+json\" class=\"yoast-schema-graph\">{\"@context\":\"https:\/\/schema.org\",\"@graph\":[{\"@type\":\"Organization\",\"@id\":\"https:\/\/www.missionsvalencia.eu\/cpivalencia\/#organization\",\"name\":\"COMPRA P\u00daBLICA DE INNOVACI\u00d3N - CPI Val\u00e8ncia\",\"url\":\"https:\/\/www.missionsvalencia.eu\/cpivalencia\/\",\"sameAs\":[\"https:\/\/www.instagram.com\/LASNAVES\/\",\"https:\/\/www.facebook.com\/LasNavesINN\",\"https:\/\/twitter.com\/lasnavesINN\"],\"logo\":{\"@type\":\"ImageObject\",\"inLanguage\":\"es\",\"@id\":\"https:\/\/www.missionsvalencia.eu\/cpivalencia\/#\/schema\/logo\/image\/\",\"url\":\"https:\/\/www.missionsvalencia.eu\/cpivalencia\/wp-content\/uploads\/2021\/07\/CPI_vlc_logo_color.png\",\"contentUrl\":\"https:\/\/www.missionsvalencia.eu\/cpivalencia\/wp-content\/uploads\/2021\/07\/CPI_vlc_logo_color.png\",\"width\":842,\"height\":596,\"caption\":\"COMPRA P\u00daBLICA DE INNOVACI\u00d3N - CPI Val\u00e8ncia\"},\"image\":{\"@id\":\"https:\/\/www.missionsvalencia.eu\/cpivalencia\/#\/schema\/logo\/image\/\"}},{\"@type\":\"WebSite\",\"@id\":\"https:\/\/www.missionsvalencia.eu\/cpivalencia\/#website\",\"url\":\"https:\/\/www.missionsvalencia.eu\/cpivalencia\/\",\"name\":\"CPI Val&egrave;ncia\",\"description\":\"Compra P&uacute;blica de Innovaci&oacute;n dirigida a Val&egrave;ncia, una herramienta de innovaci&oacute;n.\",\"publisher\":{\"@id\":\"https:\/\/www.missionsvalencia.eu\/cpivalencia\/#organization\"},\"potentialAction\":[{\"@type\":\"SearchAction\",\"target\":{\"@type\":\"EntryPoint\",\"urlTemplate\":\"https:\/\/www.missionsvalencia.eu\/cpivalencia\/?s={search_term_string}\"},\"query-input\":\"required name=search_term_string\"}],\"inLanguage\":\"es\"},{\"@type\":\"WebPage\",\"@id\":\"https:\/\/www.missionsvalencia.eu\/cpivalencia\/observatorio-cpi-valencia\/\",\"url\":\"https:\/\/www.missionsvalencia.eu\/cpivalencia\/observatorio-cpi-valencia\/\",\"name\":\"Observatorio CPI Val\u00e8ncia - CPI Val&egrave;ncia\",\"isPartOf\":{\"@id\":\"https:\/\/www.missionsvalencia.eu\/cpivalencia\/#website\"},\"datePublished\":\"2021-02-23T11:00:06+00:00\",\"dateModified\":\"2022-04-04T10:02:47+00:00\",\"breadcrumb\":{\"@id\":\"https:\/\/www.missionsvalencia.eu\/cpivalencia\/observatorio-cpi-valencia\/#breadcrumb\"},\"inLanguage\":\"es\",\"potentialAction\":[{\"@type\":\"ReadAction\",\"target\":[\"https:\/\/www.missionsvalencia.eu\/cpivalencia\/observatorio-cpi-valencia\/\"]}]},{\"@type\":\"BreadcrumbList\",\"@id\":\"https:\/\/www.missionsvalencia.eu\/cpivalencia\/observatorio-cpi-valencia\/#breadcrumb\",\"itemListElement\":[{\"@type\":\"ListItem\",\"position\":1,\"name\":\"Portada\",\"item\":\"https:\/\/www.missionsvalencia.eu\/cpivalencia\/\"},{\"@type\":\"ListItem\",\"position\":2,\"name\":\"Observatorio CPI Val\u00e8ncia\"}]}]}<\/script>\n<!-- \/ Yoast SEO plugin. -->","yoast_head_json":{"title":"Observatorio CPI Val\u00e8ncia - CPI Val&egrave;ncia","robots":{"index":"index","follow":"follow","max-snippet":"max-snippet:-1","max-image-preview":"max-image-preview:large","max-video-preview":"max-video-preview:-1"},"canonical":"https:\/\/www.missionsvalencia.eu\/cpivalencia\/observatorio-cpi-valencia\/","og_locale":"es_ES","og_type":"article","og_title":"Observatorio CPI Val\u00e8ncia - CPI Val&egrave;ncia","og_description":"Innocasting de Missions Val\u00e8ncia 2030 \u00a0 El Ajuntament de Val\u00e8ncia promueve soluciones a los problemas de la ciudad. Si tienes un proyecto innovador que solucione alguna de las necesidades de nuestra ciudad y que pueda ser adquirido por el Ayuntamiento, puedes presentar tu proyecto en las sesiones de Innocasting, un m\u00e9todo de escucha activa de [&hellip;]","og_url":"https:\/\/www.missionsvalencia.eu\/cpivalencia\/observatorio-cpi-valencia\/","og_site_name":"CPI Val&egrave;ncia","article_publisher":"https:\/\/www.facebook.com\/LasNavesINN","article_modified_time":"2022-04-04T10:02:47+00:00","og_image":[{"width":842,"height":596,"url":"https:\/\/www.missionsvalencia.eu\/cpivalencia\/wp-content\/uploads\/2021\/08\/CPI_vlc_logo_color.png","type":"image\/png"}],"twitter_card":"summary_large_image","twitter_site":"@lasnavesINN","schema":{"@context":"https:\/\/schema.org","@graph":[{"@type":"Organization","@id":"https:\/\/www.missionsvalencia.eu\/cpivalencia\/#organization","name":"COMPRA P\u00daBLICA DE INNOVACI\u00d3N - CPI Val\u00e8ncia","url":"https:\/\/www.missionsvalencia.eu\/cpivalencia\/","sameAs":["https:\/\/www.instagram.com\/LASNAVES\/","https:\/\/www.facebook.com\/LasNavesINN","https:\/\/twitter.com\/lasnavesINN"],"logo":{"@type":"ImageObject","inLanguage":"es","@id":"https:\/\/www.missionsvalencia.eu\/cpivalencia\/#\/schema\/logo\/image\/","url":"https:\/\/www.missionsvalencia.eu\/cpivalencia\/wp-content\/uploads\/2021\/07\/CPI_vlc_logo_color.png","contentUrl":"https:\/\/www.missionsvalencia.eu\/cpivalencia\/wp-content\/uploads\/2021\/07\/CPI_vlc_logo_color.png","width":842,"height":596,"caption":"COMPRA P\u00daBLICA DE INNOVACI\u00d3N - CPI Val\u00e8ncia"},"image":{"@id":"https:\/\/www.missionsvalencia.eu\/cpivalencia\/#\/schema\/logo\/image\/"}},{"@type":"WebSite","@id":"https:\/\/www.missionsvalencia.eu\/cpivalencia\/#website","url":"https:\/\/www.missionsvalencia.eu\/cpivalencia\/","name":"CPI Val&egrave;ncia","description":"Compra P&uacute;blica de Innovaci&oacute;n dirigida a Val&egrave;ncia, una herramienta de innovaci&oacute;n.","publisher":{"@id":"https:\/\/www.missionsvalencia.eu\/cpivalencia\/#organization"},"potentialAction":[{"@type":"SearchAction","target":{"@type":"EntryPoint","urlTemplate":"https:\/\/www.missionsvalencia.eu\/cpivalencia\/?s={search_term_string}"},"query-input":"required name=search_term_string"}],"inLanguage":"es"},{"@type":"WebPage","@id":"https:\/\/www.missionsvalencia.eu\/cpivalencia\/observatorio-cpi-valencia\/","url":"https:\/\/www.missionsvalencia.eu\/cpivalencia\/observatorio-cpi-valencia\/","name":"Observatorio CPI Val\u00e8ncia - CPI Val&egrave;ncia","isPartOf":{"@id":"https:\/\/www.missionsvalencia.eu\/cpivalencia\/#website"},"datePublished":"2021-02-23T11:00:06+00:00","dateModified":"2022-04-04T10:02:47+00:00","breadcrumb":{"@id":"https:\/\/www.missionsvalencia.eu\/cpivalencia\/observatorio-cpi-valencia\/#breadcrumb"},"inLanguage":"es","potentialAction":[{"@type":"ReadAction","target":["https:\/\/www.missionsvalencia.eu\/cpivalencia\/observatorio-cpi-valencia\/"]}]},{"@type":"BreadcrumbList","@id":"https:\/\/www.missionsvalencia.eu\/cpivalencia\/observatorio-cpi-valencia\/#breadcrumb","itemListElement":[{"@type":"ListItem","position":1,"name":"Portada","item":"https:\/\/www.missionsvalencia.eu\/cpivalencia\/"},{"@type":"ListItem","position":2,"name":"Observatorio CPI Val\u00e8ncia"}]}]}},"_links":{"self":[{"href":"https:\/\/www.missionsvalencia.eu\/cpivalencia\/wp-json\/wp\/v2\/pages\/1246"}],"collection":[{"href":"https:\/\/www.missionsvalencia.eu\/cpivalencia\/wp-json\/wp\/v2\/pages"}],"about":[{"href":"https:\/\/www.missionsvalencia.eu\/cpivalencia\/wp-json\/wp\/v2\/types\/page"}],"author":[{"embeddable":true,"href":"https:\/\/www.missionsvalencia.eu\/cpivalencia\/wp-json\/wp\/v2\/users\/1"}],"replies":[{"embeddable":true,"href":"https:\/\/www.missionsvalencia.eu\/cpivalencia\/wp-json\/wp\/v2\/comments?post=1246"}],"version-history":[{"count":35,"href":"https:\/\/www.missionsvalencia.eu\/cpivalencia\/wp-json\/wp\/v2\/pages\/1246\/revisions"}],"predecessor-version":[{"id":2034,"href":"https:\/\/www.missionsvalencia.eu\/cpivalencia\/wp-json\/wp\/v2\/pages\/1246\/revisions\/2034"}],"wp:attachment":[{"href":"https:\/\/www.missionsvalencia.eu\/cpivalencia\/wp-json\/wp\/v2\/media?parent=1246"}],"curies":[{"name":"wp","href":"https:\/\/api.w.org\/{rel}","templated":true}]}}